{"id":3218,"date":"2023-11-30T17:39:47","date_gmt":"2023-11-30T16:39:47","guid":{"rendered":"http:\/\/casalivo.cyon.link\/gestion-financiera\/"},"modified":"2024-02-21T10:21:21","modified_gmt":"2024-02-21T09:21:21","slug":"gestion-financiera","status":"publish","type":"page","link":"https:\/\/casalivo.com\/es\/gestion-financiera\/","title":{"rendered":"Gesti\u00f3n financiera"},"content":{"rendered":"<p><div class=\"fusion-fullwidth fullwidth-box fusion-builder-row-1 fusion-flex-container has-pattern-background has-mask-background hundred-percent-fullwidth non-hundred-percent-height-scrolling\" style=\"--awb-border-radius-top-left:0px;--awb-border-radius-top-right:0px;--awb-border-radius-bottom-right:0px;--awb-border-radius-bottom-left:0px;--awb-padding-right:0px;--awb-padding-left:0px;--awb-margin-top:0px;--awb-margin-bottom:0px;--awb-min-height:60vh;--awb-background-color:var(--awb-color1);--awb-flex-wrap:wrap;\" ><div class=\"fusion-builder-row fusion-row fusion-flex-align-items-stretch fusion-flex-justify-content-flex-end fusion-flex-content-wrap\" style=\"width:104% !important;max-width:104% !important;margin-left: calc(-4% \/ 2 );margin-right: calc(-4% \/ 2 );\"><div class=\"fusion-layout-column fusion_builder_column fusion-builder-column-0 fusion_builder_column_3_5 3_5 fusion-flex-column\" style=\"--awb-bg-position:center center;--awb-bg-size:cover;--awb-width-large:60%;--awb-margin-top-large:0px;--awb-spacing-right-large:0px;--awb-margin-bottom-large:0px;--awb-spacing-left-large:3.2%;--awb-width-medium:100%;--awb-order-medium:0;--awb-spacing-right-medium:0px;--awb-spacing-left-medium:1.92%;--awb-width-small:100%;--awb-order-small:0;--awb-spacing-right-small:1.92%;--awb-spacing-left-small:1.92%;\" data-scroll-devices=\"small-visibility,medium-visibility,large-visibility\"><div class=\"fusion-column-wrapper lazyload fusion-column-has-shadow fusion-flex-justify-content-flex-start fusion-content-layout-column fusion-column-has-bg-image\" data-bg-url=\"https:\/\/casalivo.com\/wp-content\/uploads\/2023\/11\/ibrahim-rifath-OApHds2yEGQ-unsplash-scaled.jpg\" data-bg=\"https:\/\/casalivo.com\/wp-content\/uploads\/2023\/11\/ibrahim-rifath-OApHds2yEGQ-unsplash-scaled.jpg\"><div class=\"fusion-separator fusion-no-large-visibility fusion-full-width-sep\" style=\"align-self: center;margin-left: auto;margin-right: auto;margin-top:40vh;width:100%;\"><\/div>\n<\/div><\/div><div class=\"fusion-layout-column fusion_builder_column fusion-builder-column-1 fusion_builder_column_2_5 2_5 fusion-flex-column fusion-flex-align-self-stretch\" style=\"--awb-padding-top:6%;--awb-padding-right:13%;--awb-padding-bottom:6%;--awb-padding-left:10%;--awb-bg-color:#e0d7cc;--awb-bg-color-hover:#e0d7cc;--awb-bg-size:cover;--awb-width-large:40%;--awb-margin-top-large:0px;--awb-spacing-right-large:4.8%;--awb-margin-bottom-large:0px;--awb-spacing-left-large:0px;--awb-width-medium:100%;--awb-order-medium:0;--awb-spacing-right-medium:1.92%;--awb-spacing-left-medium:0px;--awb-width-small:100%;--awb-order-small:0;--awb-spacing-right-small:1.92%;--awb-spacing-left-small:1.92%;\" data-scroll-devices=\"small-visibility,medium-visibility,large-visibility\"><div class=\"fusion-column-wrapper fusion-column-has-shadow fusion-flex-justify-content-center fusion-content-layout-column\"><div class=\"fusion-title title fusion-title-1 fusion-sep-none fusion-title-text fusion-title-size-three header-text-gross\"><h3 class=\"fusion-title-heading title-heading-left fusion-responsive-typography-calculated\" style=\"margin:0;text-transform:uppercase;--fontSize:22;--minFontSize:22;line-height:1.2;\">Gesti\u00f3n financiera<\/h3><\/div><div class=\"fusion-title title fusion-title-2 fusion-sep-none fusion-title-text fusion-title-size-one\" style=\"--awb-margin-bottom:3vh;\"><h1 class=\"fusion-title-heading title-heading-left fusion-responsive-typography-calculated\" style=\"margin:0;--fontSize:65;line-height:1.1;\">Las finanzas, protagonistas<\/h1><\/div><div class=\"fusion-text fusion-text-1\"><p>En Casalivo te acompa\u00f1amos a nuestros bancos<\/p>\n<\/div><\/div><\/div><\/div><\/div><div class=\"fusion-fullwidth fullwidth-box fusion-builder-row-2 fusion-flex-container has-pattern-background has-mask-background nonhundred-percent-fullwidth non-hundred-percent-height-scrolling\" style=\"--awb-border-radius-top-left:0px;--awb-border-radius-top-right:0px;--awb-border-radius-bottom-right:0px;--awb-border-radius-bottom-left:0px;--awb-padding-top:70px;--awb-padding-bottom:100px;--awb-flex-wrap:wrap;\" ><div class=\"fusion-builder-row fusion-row fusion-flex-align-items-flex-start fusion-flex-content-wrap\" style=\"max-width:1664px;margin-left: calc(-4% \/ 2 );margin-right: calc(-4% \/ 2 );\"><div class=\"fusion-layout-column fusion_builder_column fusion-builder-column-2 fusion_builder_column_1_2 1_2 fusion-flex-column\" style=\"--awb-padding-top:5%;--awb-padding-right:10%;--awb-padding-bottom:5%;--awb-padding-left:10%;--awb-bg-size:cover;--awb-width-large:50%;--awb-margin-top-large:0px;--awb-spacing-right-large:3.84%;--awb-margin-bottom-large:20px;--awb-spacing-left-large:3.84%;--awb-width-medium:50%;--awb-order-medium:0;--awb-spacing-right-medium:3.84%;--awb-spacing-left-medium:3.84%;--awb-width-small:100%;--awb-order-small:0;--awb-spacing-right-small:1.92%;--awb-spacing-left-small:1.92%;\" data-scroll-devices=\"small-visibility,medium-visibility,large-visibility\"><div class=\"fusion-column-wrapper fusion-column-has-shadow fusion-flex-justify-content-flex-start fusion-content-layout-column\"><div class=\"fusion-image-element \" style=\"--awb-max-width:300px;--awb-caption-title-font-family:var(--h2_typography-font-family);--awb-caption-title-font-weight:var(--h2_typography-font-weight);--awb-caption-title-font-style:var(--h2_typography-font-style);--awb-caption-title-size:var(--h2_typography-font-size);--awb-caption-title-transform:var(--h2_typography-text-transform);--awb-caption-title-line-height:var(--h2_typography-line-height);--awb-caption-title-letter-spacing:var(--h2_typography-letter-spacing);\"><span class=\" fusion-imageframe imageframe-none imageframe-1 hover-type-none\"><img decoding=\"async\" width=\"896\" height=\"268\" title=\"Bildschirm\u00adfoto 2023-11-30 um 17.43.27\" src=\"https:\/\/casalivo.com\/wp-content\/uploads\/2023\/11\/Bildschirm\u00adfoto-2023-11-30-um-17.43.27.png\" data-orig-src=\"https:\/\/casalivo.com\/wp-content\/uploads\/2023\/11\/Bildschirm\u00adfoto-2023-11-30-um-17.43.27.png\" alt class=\"lazyload img-responsive wp-image-2263\" srcset=\"data:image\/svg+xml,%3Csvg%20xmlns%3D%27http%3A%2F%2Fwww.w3.org%2F2000%2Fsvg%27%20width%3D%27896%27%20height%3D%27268%27%20viewBox%3D%270%200%20896%20268%27%3E%3Crect%20width%3D%27896%27%20height%3D%27268%27%20fill-opacity%3D%220%22%2F%3E%3C%2Fsvg%3E\" data-srcset=\"https:\/\/casalivo.com\/wp-content\/uploads\/2023\/11\/Bildschirm\u00adfoto-2023-11-30-um-17.43.27-200x60.png 200w, https:\/\/casalivo.com\/wp-content\/uploads\/2023\/11\/Bildschirm\u00adfoto-2023-11-30-um-17.43.27-400x120.png 400w, https:\/\/casalivo.com\/wp-content\/uploads\/2023\/11\/Bildschirm\u00adfoto-2023-11-30-um-17.43.27-600x179.png 600w, https:\/\/casalivo.com\/wp-content\/uploads\/2023\/11\/Bildschirm\u00adfoto-2023-11-30-um-17.43.27-800x239.png 800w, https:\/\/casalivo.com\/wp-content\/uploads\/2023\/11\/Bildschirm\u00adfoto-2023-11-30-um-17.43.27.png 896w\" data-sizes=\"auto\" data-orig-sizes=\"(max-width: 640px) 100vw, 800px\" \/><\/span><\/div><div class=\"fusion-title title fusion-title-3 fusion-sep-none fusion-title-text fusion-title-size-four\"><h4 class=\"fusion-title-heading title-heading-left fusion-responsive-typography-calculated\" style=\"margin:0;--fontSize:24;--minFontSize:24;line-height:var(--awb-typography1-line-height);\">Nuestro banco colaborador oficial en Espa\u00f1a para hipotecas y cuentas bancarias<\/h4><\/div><div class=\"fusion-text fusion-text-2\"><p>Asistencia espa\u00f1ola in situ y como soluci\u00f3n completa para la provisi\u00f3n de liquidez y el procesamiento de pagos para su propiedad espa\u00f1ola<\/p>\n<p>Asesoramiento legal y fiable para todas sus necesidades inmobiliarias<\/p>\n<p><strong>Caixa Bank S. A.<\/strong><br \/>\n<strong>Calle Pintor Sorolla, 2-4,<\/strong><br \/>\n<strong>ES &#8211; 46002 Valencia<\/strong><\/p>\n<\/div><div ><a class=\"fusion-button button-flat fusion-button-default-size button-default fusion-button-default button-1 fusion-button-default-span fusion-button-default-type\" target=\"_blank\" rel=\"noopener noreferrer\" href=\"https:\/\/www.caixabank.es\/particular\/holabank\/particulares_de.html\"><span class=\"fusion-button-text awb-button__text awb-button__text--default\">Haga clic aqu\u00ed para ir al banco<\/span><\/a><\/div><\/div><\/div><div class=\"fusion-layout-column fusion_builder_column fusion-builder-column-3 fusion_builder_column_1_2 1_2 fusion-flex-column\" style=\"--awb-padding-top:5%;--awb-padding-right:10%;--awb-padding-bottom:5%;--awb-padding-left:10%;--awb-bg-size:cover;--awb-width-large:50%;--awb-margin-top-large:0px;--awb-spacing-right-large:3.84%;--awb-margin-bottom-large:20px;--awb-spacing-left-large:3.84%;--awb-width-medium:50%;--awb-order-medium:0;--awb-spacing-right-medium:3.84%;--awb-spacing-left-medium:3.84%;--awb-width-small:100%;--awb-order-small:0;--awb-spacing-right-small:1.92%;--awb-spacing-left-small:1.92%;\" data-scroll-devices=\"small-visibility,medium-visibility,large-visibility\"><div class=\"fusion-column-wrapper fusion-column-has-shadow fusion-flex-justify-content-flex-start fusion-content-layout-column\"><div class=\"fusion-image-element \" style=\"--awb-max-width:300px;--awb-caption-title-font-family:var(--h2_typography-font-family);--awb-caption-title-font-weight:var(--h2_typography-font-weight);--awb-caption-title-font-style:var(--h2_typography-font-style);--awb-caption-title-size:var(--h2_typography-font-size);--awb-caption-title-transform:var(--h2_typography-text-transform);--awb-caption-title-line-height:var(--h2_typography-line-height);--awb-caption-title-letter-spacing:var(--h2_typography-letter-spacing);\"><span class=\" fusion-imageframe imageframe-none imageframe-2 hover-type-none\"><img decoding=\"async\" width=\"536\" height=\"172\" title=\"Bildschirm\u00adfoto 2023-11-30 um 17.48.46\" src=\"https:\/\/casalivo.com\/wp-content\/uploads\/2023\/11\/Bildschirm\u00adfoto-2023-11-30-um-17.48.46.png\" data-orig-src=\"https:\/\/casalivo.com\/wp-content\/uploads\/2023\/11\/Bildschirm\u00adfoto-2023-11-30-um-17.48.46.png\" alt class=\"lazyload img-responsive wp-image-2265\" srcset=\"data:image\/svg+xml,%3Csvg%20xmlns%3D%27http%3A%2F%2Fwww.w3.org%2F2000%2Fsvg%27%20width%3D%27536%27%20height%3D%27172%27%20viewBox%3D%270%200%20536%20172%27%3E%3Crect%20width%3D%27536%27%20height%3D%27172%27%20fill-opacity%3D%220%22%2F%3E%3C%2Fsvg%3E\" data-srcset=\"https:\/\/casalivo.com\/wp-content\/uploads\/2023\/11\/Bildschirm\u00adfoto-2023-11-30-um-17.48.46-200x64.png 200w, https:\/\/casalivo.com\/wp-content\/uploads\/2023\/11\/Bildschirm\u00adfoto-2023-11-30-um-17.48.46-400x128.png 400w, https:\/\/casalivo.com\/wp-content\/uploads\/2023\/11\/Bildschirm\u00adfoto-2023-11-30-um-17.48.46.png 536w\" data-sizes=\"auto\" data-orig-sizes=\"(max-width: 640px) 100vw, 536px\" \/><\/span><\/div><div class=\"fusion-title title fusion-title-4 fusion-sep-none fusion-title-text fusion-title-size-four\"><h4 class=\"fusion-title-heading title-heading-left fusion-responsive-typography-calculated\" style=\"margin:0;--fontSize:24;--minFontSize:24;line-height:var(--awb-typography1-line-height);\">Nuestro banco asociado oficial en Alemania para hipotecas y gesti\u00f3n de activos<\/h4><\/div><div class=\"fusion-text fusion-text-3\"><p>Nos caracterizamos por una perfecta formaci\u00f3n bancaria y una financiaci\u00f3n orientada al cliente y adaptada a sus necesidades en alem\u00e1n.<\/p>\n<p>Asesoramiento competente para todas sus necesidades en cada fase de la vida, que va mucho m\u00e1s all\u00e1 de los servicios puramente financieros.<\/p>\n<p><strong>Raiffeisenbank Buch-Eching eG<\/strong><br \/>\n<strong>Calle principal 14<\/strong><br \/>\n<strong>DE &#8211; 84172 Eching<\/strong><\/p>\n<\/div><div ><a class=\"fusion-button button-flat fusion-button-default-size button-default fusion-button-default button-2 fusion-button-default-span fusion-button-default-type\" target=\"_blank\" rel=\"noopener noreferrer\" href=\"https:\/\/www.rb-eching.de\/homepage.html\"><span class=\"fusion-button-text awb-button__text awb-button__text--default\">Haga clic aqu\u00ed para ir al banco<\/span><\/a><\/div><\/div><\/div><\/div><\/div><\/p>\n","protected":false},"excerpt":{"rendered":"","protected":false},"author":1,"featured_media":2261,"parent":0,"menu_order":0,"comment_status":"closed","ping_status":"closed","template":"100-width.php","meta":{"_acf_changed":false,"footnotes":""},"class_list":["post-3218","page","type-page","status-publish","has-post-thumbnail","hentry"],"acf":[],"yoast_head":"<!-- This site is optimized with the Yoast SEO plugin v26.2 - https:\/\/yoast.com\/wordpress\/plugins\/seo\/ -->\n<title>Gesti\u00f3n financiera - casalivo s. l.<\/title>\n<meta name=\"robots\" content=\"index, follow, max-snippet:-1, max-image-preview:large, max-video-preview:-1\" \/>\n<link rel=\"canonical\" href=\"https:\/\/casalivo.com\/es\/gestion-financiera\/\" \/>\n<meta property=\"og:locale\" content=\"es_ES\" \/>\n<meta property=\"og:type\" content=\"article\" \/>\n<meta property=\"og:title\" content=\"Gesti\u00f3n financiera - casalivo s. l.\" \/>\n<meta property=\"og:url\" content=\"https:\/\/casalivo.com\/es\/gestion-financiera\/\" \/>\n<meta property=\"og:site_name\" content=\"casalivo s. l.\" \/>\n<meta property=\"article:publisher\" content=\"https:\/\/www.facebook.com\/profile.php?id=100064261653503\" \/>\n<meta property=\"article:modified_time\" content=\"2024-02-21T09:21:21+00:00\" \/>\n<meta property=\"og:image\" content=\"https:\/\/casalivo.com\/wp-content\/uploads\/2023\/11\/ibrahim-rifath-OApHds2yEGQ-unsplash-scaled.jpg\" \/>\n\t<meta property=\"og:image:width\" content=\"2560\" \/>\n\t<meta property=\"og:image:height\" content=\"1707\" \/>\n\t<meta property=\"og:image:type\" content=\"image\/jpeg\" \/>\n<meta name=\"twitter:card\" content=\"summary_large_image\" \/>\n<meta name=\"twitter:label1\" content=\"Tiempo de lectura\" \/>\n\t<meta name=\"twitter:data1\" content=\"27 minutos\" \/>\n<script type=\"application\/ld+json\" class=\"yoast-schema-graph\">{\"@context\":\"https:\/\/schema.org\",\"@graph\":[{\"@type\":\"WebPage\",\"@id\":\"https:\/\/casalivo.com\/es\/gestion-financiera\/\",\"url\":\"https:\/\/casalivo.com\/es\/gestion-financiera\/\",\"name\":\"Gesti\u00f3n financiera - casalivo s. l.\",\"isPartOf\":{\"@id\":\"https:\/\/casalivo.com\/es\/#website\"},\"primaryImageOfPage\":{\"@id\":\"https:\/\/casalivo.com\/es\/gestion-financiera\/#primaryimage\"},\"image\":{\"@id\":\"https:\/\/casalivo.com\/es\/gestion-financiera\/#primaryimage\"},\"thumbnailUrl\":\"https:\/\/casalivo.com\/wp-content\/uploads\/2023\/11\/ibrahim-rifath-OApHds2yEGQ-unsplash-scaled.jpg\",\"datePublished\":\"2023-11-30T16:39:47+00:00\",\"dateModified\":\"2024-02-21T09:21:21+00:00\",\"breadcrumb\":{\"@id\":\"https:\/\/casalivo.com\/es\/gestion-financiera\/#breadcrumb\"},\"inLanguage\":\"es\",\"potentialAction\":[{\"@type\":\"ReadAction\",\"target\":[\"https:\/\/casalivo.com\/es\/gestion-financiera\/\"]}]},{\"@type\":\"ImageObject\",\"inLanguage\":\"es\",\"@id\":\"https:\/\/casalivo.com\/es\/gestion-financiera\/#primaryimage\",\"url\":\"https:\/\/casalivo.com\/wp-content\/uploads\/2023\/11\/ibrahim-rifath-OApHds2yEGQ-unsplash-scaled.jpg\",\"contentUrl\":\"https:\/\/casalivo.com\/wp-content\/uploads\/2023\/11\/ibrahim-rifath-OApHds2yEGQ-unsplash-scaled.jpg\",\"width\":2560,\"height\":1707},{\"@type\":\"BreadcrumbList\",\"@id\":\"https:\/\/casalivo.com\/es\/gestion-financiera\/#breadcrumb\",\"itemListElement\":[{\"@type\":\"ListItem\",\"position\":1,\"name\":\"Startseite\",\"item\":\"https:\/\/casalivo.com\/es\/inicio\/\"},{\"@type\":\"ListItem\",\"position\":2,\"name\":\"Gesti\u00f3n financiera\"}]},{\"@type\":\"WebSite\",\"@id\":\"https:\/\/casalivo.com\/es\/#website\",\"url\":\"https:\/\/casalivo.com\/es\/\",\"name\":\"casalivo s. l.\",\"description\":\"Verkauf, vermietung, planung und renovierung von Immobilien auf Mallorca\",\"publisher\":{\"@id\":\"https:\/\/casalivo.com\/es\/#organization\"},\"potentialAction\":[{\"@type\":\"SearchAction\",\"target\":{\"@type\":\"EntryPoint\",\"urlTemplate\":\"https:\/\/casalivo.com\/es\/?s={search_term_string}\"},\"query-input\":{\"@type\":\"PropertyValueSpecification\",\"valueRequired\":true,\"valueName\":\"search_term_string\"}}],\"inLanguage\":\"es\"},{\"@type\":\"Organization\",\"@id\":\"https:\/\/casalivo.com\/es\/#organization\",\"name\":\"casalivo s. l.\",\"url\":\"https:\/\/casalivo.com\/es\/\",\"logo\":{\"@type\":\"ImageObject\",\"inLanguage\":\"es\",\"@id\":\"https:\/\/casalivo.com\/es\/#\/schema\/logo\/image\/\",\"url\":\"https:\/\/casalivo.com\/wp-content\/uploads\/2023\/10\/Casalivo-Logo_h190-1.png\",\"contentUrl\":\"https:\/\/casalivo.com\/wp-content\/uploads\/2023\/10\/Casalivo-Logo_h190-1.png\",\"width\":300,\"height\":93,\"caption\":\"casalivo s. l.\"},\"image\":{\"@id\":\"https:\/\/casalivo.com\/es\/#\/schema\/logo\/image\/\"},\"sameAs\":[\"https:\/\/www.facebook.com\/profile.php?id=100064261653503\",\"https:\/\/www.instagram.com\/casalivo\/\"]}]}<\/script>\n<!-- \/ Yoast SEO plugin. -->","yoast_head_json":{"title":"Gesti\u00f3n financiera - casalivo s. l.","robots":{"index":"index","follow":"follow","max-snippet":"max-snippet:-1","max-image-preview":"max-image-preview:large","max-video-preview":"max-video-preview:-1"},"canonical":"https:\/\/casalivo.com\/es\/gestion-financiera\/","og_locale":"es_ES","og_type":"article","og_title":"Gesti\u00f3n financiera - casalivo s. l.","og_url":"https:\/\/casalivo.com\/es\/gestion-financiera\/","og_site_name":"casalivo s. l.","article_publisher":"https:\/\/www.facebook.com\/profile.php?id=100064261653503","article_modified_time":"2024-02-21T09:21:21+00:00","og_image":[{"width":2560,"height":1707,"url":"https:\/\/casalivo.com\/wp-content\/uploads\/2023\/11\/ibrahim-rifath-OApHds2yEGQ-unsplash-scaled.jpg","type":"image\/jpeg"}],"twitter_card":"summary_large_image","twitter_misc":{"Tiempo de lectura":"27 minutos"},"schema":{"@context":"https:\/\/schema.org","@graph":[{"@type":"WebPage","@id":"https:\/\/casalivo.com\/es\/gestion-financiera\/","url":"https:\/\/casalivo.com\/es\/gestion-financiera\/","name":"Gesti\u00f3n financiera - casalivo s. l.","isPartOf":{"@id":"https:\/\/casalivo.com\/es\/#website"},"primaryImageOfPage":{"@id":"https:\/\/casalivo.com\/es\/gestion-financiera\/#primaryimage"},"image":{"@id":"https:\/\/casalivo.com\/es\/gestion-financiera\/#primaryimage"},"thumbnailUrl":"https:\/\/casalivo.com\/wp-content\/uploads\/2023\/11\/ibrahim-rifath-OApHds2yEGQ-unsplash-scaled.jpg","datePublished":"2023-11-30T16:39:47+00:00","dateModified":"2024-02-21T09:21:21+00:00","breadcrumb":{"@id":"https:\/\/casalivo.com\/es\/gestion-financiera\/#breadcrumb"},"inLanguage":"es","potentialAction":[{"@type":"ReadAction","target":["https:\/\/casalivo.com\/es\/gestion-financiera\/"]}]},{"@type":"ImageObject","inLanguage":"es","@id":"https:\/\/casalivo.com\/es\/gestion-financiera\/#primaryimage","url":"https:\/\/casalivo.com\/wp-content\/uploads\/2023\/11\/ibrahim-rifath-OApHds2yEGQ-unsplash-scaled.jpg","contentUrl":"https:\/\/casalivo.com\/wp-content\/uploads\/2023\/11\/ibrahim-rifath-OApHds2yEGQ-unsplash-scaled.jpg","width":2560,"height":1707},{"@type":"BreadcrumbList","@id":"https:\/\/casalivo.com\/es\/gestion-financiera\/#breadcrumb","itemListElement":[{"@type":"ListItem","position":1,"name":"Startseite","item":"https:\/\/casalivo.com\/es\/inicio\/"},{"@type":"ListItem","position":2,"name":"Gesti\u00f3n financiera"}]},{"@type":"WebSite","@id":"https:\/\/casalivo.com\/es\/#website","url":"https:\/\/casalivo.com\/es\/","name":"casalivo s. l.","description":"Verkauf, vermietung, planung und renovierung von Immobilien auf Mallorca","publisher":{"@id":"https:\/\/casalivo.com\/es\/#organization"},"potentialAction":[{"@type":"SearchAction","target":{"@type":"EntryPoint","urlTemplate":"https:\/\/casalivo.com\/es\/?s={search_term_string}"},"query-input":{"@type":"PropertyValueSpecification","valueRequired":true,"valueName":"search_term_string"}}],"inLanguage":"es"},{"@type":"Organization","@id":"https:\/\/casalivo.com\/es\/#organization","name":"casalivo s. l.","url":"https:\/\/casalivo.com\/es\/","logo":{"@type":"ImageObject","inLanguage":"es","@id":"https:\/\/casalivo.com\/es\/#\/schema\/logo\/image\/","url":"https:\/\/casalivo.com\/wp-content\/uploads\/2023\/10\/Casalivo-Logo_h190-1.png","contentUrl":"https:\/\/casalivo.com\/wp-content\/uploads\/2023\/10\/Casalivo-Logo_h190-1.png","width":300,"height":93,"caption":"casalivo s. l."},"image":{"@id":"https:\/\/casalivo.com\/es\/#\/schema\/logo\/image\/"},"sameAs":["https:\/\/www.facebook.com\/profile.php?id=100064261653503","https:\/\/www.instagram.com\/casalivo\/"]}]}},"_links":{"self":[{"href":"https:\/\/casalivo.com\/es\/wp-json\/wp\/v2\/pages\/3218","targetHints":{"allow":["GET"]}}],"collection":[{"href":"https:\/\/casalivo.com\/es\/wp-json\/wp\/v2\/pages"}],"about":[{"href":"https:\/\/casalivo.com\/es\/wp-json\/wp\/v2\/types\/page"}],"author":[{"embeddable":true,"href":"https:\/\/casalivo.com\/es\/wp-json\/wp\/v2\/users\/1"}],"replies":[{"embeddable":true,"href":"https:\/\/casalivo.com\/es\/wp-json\/wp\/v2\/comments?post=3218"}],"version-history":[{"count":4,"href":"https:\/\/casalivo.com\/es\/wp-json\/wp\/v2\/pages\/3218\/revisions"}],"predecessor-version":[{"id":5007,"href":"https:\/\/casalivo.com\/es\/wp-json\/wp\/v2\/pages\/3218\/revisions\/5007"}],"wp:featuredmedia":[{"embeddable":true,"href":"https:\/\/casalivo.com\/es\/wp-json\/wp\/v2\/media\/2261"}],"wp:attachment":[{"href":"https:\/\/casalivo.com\/es\/wp-json\/wp\/v2\/media?parent=3218"}],"curies":[{"name":"wp","href":"https:\/\/api.w.org\/{rel}","templated":true}]}}