{"id":3223,"date":"2023-11-30T17:54:53","date_gmt":"2023-11-30T16:54:53","guid":{"rendered":"http:\/\/casalivo.cyon.link\/arte-y-arquitectura-creativa\/"},"modified":"2024-02-21T10:19:42","modified_gmt":"2024-02-21T09:19:42","slug":"arte-y-arquitectura-creativa","status":"publish","type":"page","link":"https:\/\/casalivo.com\/es\/arte-y-arquitectura-creativa\/","title":{"rendered":"Arte y arquitectura creativa"},"content":{"rendered":"<p><div class=\"fusion-fullwidth fullwidth-box fusion-builder-row-1 fusion-flex-container has-pattern-background has-mask-background hundred-percent-fullwidth non-hundred-percent-height-scrolling\" style=\"--awb-border-radius-top-left:0px;--awb-border-radius-top-right:0px;--awb-border-radius-bottom-right:0px;--awb-border-radius-bottom-left:0px;--awb-padding-right:0px;--awb-padding-left:0px;--awb-margin-top:0px;--awb-margin-bottom:0px;--awb-min-height:60vh;--awb-background-color:var(--awb-color1);--awb-flex-wrap:wrap;\" ><div class=\"fusion-builder-row fusion-row fusion-flex-align-items-stretch fusion-flex-justify-content-flex-end fusion-flex-content-wrap\" style=\"width:104% !important;max-width:104% !important;margin-left: calc(-4% \/ 2 );margin-right: calc(-4% \/ 2 );\"><div class=\"fusion-layout-column fusion_builder_column fusion-builder-column-0 fusion_builder_column_3_5 3_5 fusion-flex-column\" style=\"--awb-bg-position:center center;--awb-bg-size:cover;--awb-width-large:60%;--awb-margin-top-large:0px;--awb-spacing-right-large:0px;--awb-margin-bottom-large:0px;--awb-spacing-left-large:3.2%;--awb-width-medium:100%;--awb-order-medium:0;--awb-spacing-right-medium:0px;--awb-spacing-left-medium:1.92%;--awb-width-small:100%;--awb-order-small:0;--awb-spacing-right-small:1.92%;--awb-spacing-left-small:1.92%;\" data-scroll-devices=\"small-visibility,medium-visibility,large-visibility\"><div class=\"fusion-column-wrapper lazyload fusion-column-has-shadow fusion-flex-justify-content-flex-start fusion-content-layout-column fusion-column-has-bg-image\" data-bg-url=\"https:\/\/casalivo.com\/wp-content\/uploads\/2023\/11\/Hausidee.png\" data-bg=\"https:\/\/casalivo.com\/wp-content\/uploads\/2023\/11\/Hausidee.png\"><div class=\"fusion-separator fusion-no-large-visibility fusion-full-width-sep\" style=\"align-self: center;margin-left: auto;margin-right: auto;margin-top:40vh;width:100%;\"><\/div>\n<\/div><\/div><div class=\"fusion-layout-column fusion_builder_column fusion-builder-column-1 fusion_builder_column_2_5 2_5 fusion-flex-column fusion-flex-align-self-stretch\" style=\"--awb-padding-top:6%;--awb-padding-right:13%;--awb-padding-bottom:6%;--awb-padding-left:10%;--awb-bg-color:#e0d7cc;--awb-bg-color-hover:#e0d7cc;--awb-bg-size:cover;--awb-width-large:40%;--awb-margin-top-large:0px;--awb-spacing-right-large:4.8%;--awb-margin-bottom-large:0px;--awb-spacing-left-large:0px;--awb-width-medium:100%;--awb-order-medium:0;--awb-spacing-right-medium:1.92%;--awb-spacing-left-medium:0px;--awb-width-small:100%;--awb-order-small:0;--awb-spacing-right-small:1.92%;--awb-spacing-left-small:1.92%;\" data-scroll-devices=\"small-visibility,medium-visibility,large-visibility\"><div class=\"fusion-column-wrapper fusion-column-has-shadow fusion-flex-justify-content-center fusion-content-layout-column\"><div class=\"fusion-title title fusion-title-1 fusion-sep-none fusion-title-text fusion-title-size-three header-text-gross\"><h3 class=\"fusion-title-heading title-heading-left fusion-responsive-typography-calculated\" style=\"margin:0;text-transform:uppercase;--fontSize:22;--minFontSize:22;line-height:1.2;\">Arte y arquitectura creativa<\/h3><\/div><div class=\"fusion-title title fusion-title-2 fusion-sep-none fusion-title-text fusion-title-size-one\" style=\"--awb-margin-bottom:3vh;\"><h1 class=\"fusion-title-heading title-heading-left fusion-responsive-typography-calculated\" style=\"margin:0;--fontSize:65;line-height:1.1;\">La planificaci\u00f3n es el principio de todo<\/h1><\/div><div class=\"fusion-text fusion-text-1\"><p>Queremos darle la mayor libertad posible a la hora de dise\u00f1ar su casa, por eso colaboramos con nuestros j\u00f3venes arquitectos. La est\u00e9tica y la interacci\u00f3n de interior y exterior, as\u00ed como la tradici\u00f3n y la modernidad son nuestra motivaci\u00f3n para crear casas de ensue\u00f1o para usted en Mallorca. Las ideas subyacentes, las funcionalidades, la tecnolog\u00eda correspondiente y los m\u00e9todos de construcci\u00f3n, as\u00ed como los materiales, son evidentes.<\/p>\n<\/div><\/div><\/div><\/div><\/div><div class=\"fusion-fullwidth fullwidth-box fusion-builder-row-2 fusion-flex-container has-pattern-background has-mask-background nonhundred-percent-fullwidth non-hundred-percent-height-scrolling\" style=\"--awb-border-radius-top-left:0px;--awb-border-radius-top-right:0px;--awb-border-radius-bottom-right:0px;--awb-border-radius-bottom-left:0px;--awb-margin-top:5vh;--awb-margin-bottom:5vh;--awb-flex-wrap:wrap;\" ><div class=\"fusion-builder-row fusion-row fusion-flex-align-items-flex-start fusion-flex-content-wrap\" style=\"max-width:1664px;margin-left: calc(-4% \/ 2 );margin-right: calc(-4% \/ 2 );\"><div class=\"fusion-layout-column fusion_builder_column fusion-builder-column-2 fusion_builder_column_1_3 1_3 fusion-flex-column fusion-flex-align-self-center\" style=\"--awb-bg-size:cover;--awb-width-large:33.333333333333%;--awb-margin-top-large:0px;--awb-spacing-right-large:5.76%;--awb-margin-bottom-large:20px;--awb-spacing-left-large:5.76%;--awb-width-medium:33.333333333333%;--awb-order-medium:0;--awb-spacing-right-medium:5.76%;--awb-spacing-left-medium:5.76%;--awb-width-small:100%;--awb-order-small:0;--awb-spacing-right-small:1.92%;--awb-spacing-left-small:1.92%;\" data-scroll-devices=\"small-visibility,medium-visibility,large-visibility\"><div class=\"fusion-column-wrapper fusion-column-has-shadow fusion-flex-justify-content-center fusion-content-layout-column\"><div class=\"fusion-image-element \" style=\"text-align:center;--awb-max-width:300px;--awb-caption-title-font-family:var(--h2_typography-font-family);--awb-caption-title-font-weight:var(--h2_typography-font-weight);--awb-caption-title-font-style:var(--h2_typography-font-style);--awb-caption-title-size:var(--h2_typography-font-size);--awb-caption-title-transform:var(--h2_typography-text-transform);--awb-caption-title-line-height:var(--h2_typography-line-height);--awb-caption-title-letter-spacing:var(--h2_typography-letter-spacing);\"><span class=\" fusion-imageframe imageframe-none imageframe-1 hover-type-none\"><a class=\"fusion-no-lightbox\" href=\"https:\/\/de.officearchitecturemallorca.com\/\" target=\"_self\" aria-label=\"Bildschirm\u00adfoto 2023-11-30 um 17.59.33\"><img decoding=\"async\" width=\"682\" height=\"314\" src=\"https:\/\/casalivo.com\/wp-content\/uploads\/2023\/11\/Bildschirm\u00adfoto-2023-11-30-um-17.59.33.png\" data-orig-src=\"https:\/\/casalivo.com\/wp-content\/uploads\/2023\/11\/Bildschirm\u00adfoto-2023-11-30-um-17.59.33.png\" alt class=\"lazyload img-responsive wp-image-2267\" srcset=\"data:image\/svg+xml,%3Csvg%20xmlns%3D%27http%3A%2F%2Fwww.w3.org%2F2000%2Fsvg%27%20width%3D%27682%27%20height%3D%27314%27%20viewBox%3D%270%200%20682%20314%27%3E%3Crect%20width%3D%27682%27%20height%3D%27314%27%20fill-opacity%3D%220%22%2F%3E%3C%2Fsvg%3E\" data-srcset=\"https:\/\/casalivo.com\/wp-content\/uploads\/2023\/11\/Bildschirm\u00adfoto-2023-11-30-um-17.59.33-200x92.png 200w, https:\/\/casalivo.com\/wp-content\/uploads\/2023\/11\/Bildschirm\u00adfoto-2023-11-30-um-17.59.33-400x184.png 400w, https:\/\/casalivo.com\/wp-content\/uploads\/2023\/11\/Bildschirm\u00adfoto-2023-11-30-um-17.59.33-600x276.png 600w, https:\/\/casalivo.com\/wp-content\/uploads\/2023\/11\/Bildschirm\u00adfoto-2023-11-30-um-17.59.33.png 682w\" data-sizes=\"auto\" data-orig-sizes=\"(max-width: 640px) 100vw, 600px\" \/><\/a><\/span><\/div><\/div><\/div><div class=\"fusion-layout-column fusion_builder_column fusion-builder-column-3 fusion_builder_column_2_3 2_3 fusion-flex-column\" style=\"--awb-padding-right:10%;--awb-padding-left:10%;--awb-bg-size:cover;--awb-width-large:66.666666666667%;--awb-margin-top-large:0px;--awb-spacing-right-large:2.88%;--awb-margin-bottom-large:20px;--awb-spacing-left-large:2.88%;--awb-width-medium:66.666666666667%;--awb-order-medium:0;--awb-spacing-right-medium:2.88%;--awb-spacing-left-medium:2.88%;--awb-width-small:100%;--awb-order-small:0;--awb-spacing-right-small:1.92%;--awb-spacing-left-small:1.92%;\" data-scroll-devices=\"small-visibility,medium-visibility,large-visibility\"><div class=\"fusion-column-wrapper fusion-column-has-shadow fusion-flex-justify-content-flex-start fusion-content-layout-column\"><div class=\"fusion-title title fusion-title-3 fusion-sep-none fusion-title-text fusion-title-size-four\"><h4 class=\"fusion-title-heading title-heading-left fusion-responsive-typography-calculated\" style=\"margin:0;--fontSize:24;--minFontSize:24;line-height:var(--awb-typography1-line-height);\">OAM &#8211; Oficina de arquitectura en Mallorca<\/h4><\/div><div class=\"fusion-text fusion-text-2\"><p>es un estudio de arquitectura y dise\u00f1o con sede en Manacor, fundado por los hermanos Oliver Biel y Toni.<\/p>\n<p><a href=\"https:\/\/de.officearchitecturemallorca.com\" target=\"_blank\" rel=\"noopener\"><strong>https:\/\/de.officearchitecturemallorca.com<\/strong><\/a><\/p>\n<\/div><\/div><\/div><\/div><\/div><\/p>\n","protected":false},"excerpt":{"rendered":"","protected":false},"author":1,"featured_media":2183,"parent":0,"menu_order":0,"comment_status":"closed","ping_status":"closed","template":"100-width.php","meta":{"_acf_changed":false,"footnotes":""},"class_list":["post-3223","page","type-page","status-publish","has-post-thumbnail","hentry"],"acf":[],"yoast_head":"<!-- This site is optimized with the Yoast SEO plugin v26.2 - https:\/\/yoast.com\/wordpress\/plugins\/seo\/ -->\n<title>Arte y arquitectura creativa - casalivo s. l.<\/title>\n<meta name=\"robots\" content=\"index, follow, max-snippet:-1, max-image-preview:large, max-video-preview:-1\" \/>\n<link rel=\"canonical\" href=\"https:\/\/casalivo.com\/es\/arte-y-arquitectura-creativa\/\" \/>\n<meta property=\"og:locale\" content=\"es_ES\" \/>\n<meta property=\"og:type\" content=\"article\" \/>\n<meta property=\"og:title\" content=\"Arte y arquitectura creativa - casalivo s. l.\" \/>\n<meta property=\"og:url\" content=\"https:\/\/casalivo.com\/es\/arte-y-arquitectura-creativa\/\" \/>\n<meta property=\"og:site_name\" content=\"casalivo s. l.\" \/>\n<meta property=\"article:publisher\" content=\"https:\/\/www.facebook.com\/profile.php?id=100064261653503\" \/>\n<meta property=\"article:modified_time\" content=\"2024-02-21T09:19:42+00:00\" \/>\n<meta property=\"og:image\" content=\"https:\/\/casalivo.com\/wp-content\/uploads\/2023\/11\/Hausidee.png\" \/>\n\t<meta property=\"og:image:width\" content=\"1290\" \/>\n\t<meta property=\"og:image:height\" content=\"647\" \/>\n\t<meta property=\"og:image:type\" content=\"image\/png\" \/>\n<meta name=\"twitter:card\" content=\"summary_large_image\" \/>\n<meta name=\"twitter:label1\" content=\"Tiempo de lectura\" \/>\n\t<meta name=\"twitter:data1\" content=\"22 minutos\" \/>\n<script type=\"application\/ld+json\" class=\"yoast-schema-graph\">{\"@context\":\"https:\/\/schema.org\",\"@graph\":[{\"@type\":\"WebPage\",\"@id\":\"https:\/\/casalivo.com\/es\/arte-y-arquitectura-creativa\/\",\"url\":\"https:\/\/casalivo.com\/es\/arte-y-arquitectura-creativa\/\",\"name\":\"Arte y arquitectura creativa - casalivo s. l.\",\"isPartOf\":{\"@id\":\"https:\/\/casalivo.com\/es\/#website\"},\"primaryImageOfPage\":{\"@id\":\"https:\/\/casalivo.com\/es\/arte-y-arquitectura-creativa\/#primaryimage\"},\"image\":{\"@id\":\"https:\/\/casalivo.com\/es\/arte-y-arquitectura-creativa\/#primaryimage\"},\"thumbnailUrl\":\"https:\/\/casalivo.com\/wp-content\/uploads\/2023\/11\/Hausidee.png\",\"datePublished\":\"2023-11-30T16:54:53+00:00\",\"dateModified\":\"2024-02-21T09:19:42+00:00\",\"breadcrumb\":{\"@id\":\"https:\/\/casalivo.com\/es\/arte-y-arquitectura-creativa\/#breadcrumb\"},\"inLanguage\":\"es\",\"potentialAction\":[{\"@type\":\"ReadAction\",\"target\":[\"https:\/\/casalivo.com\/es\/arte-y-arquitectura-creativa\/\"]}]},{\"@type\":\"ImageObject\",\"inLanguage\":\"es\",\"@id\":\"https:\/\/casalivo.com\/es\/arte-y-arquitectura-creativa\/#primaryimage\",\"url\":\"https:\/\/casalivo.com\/wp-content\/uploads\/2023\/11\/Hausidee.png\",\"contentUrl\":\"https:\/\/casalivo.com\/wp-content\/uploads\/2023\/11\/Hausidee.png\",\"width\":1290,\"height\":647},{\"@type\":\"BreadcrumbList\",\"@id\":\"https:\/\/casalivo.com\/es\/arte-y-arquitectura-creativa\/#breadcrumb\",\"itemListElement\":[{\"@type\":\"ListItem\",\"position\":1,\"name\":\"Startseite\",\"item\":\"https:\/\/casalivo.com\/es\/inicio\/\"},{\"@type\":\"ListItem\",\"position\":2,\"name\":\"Arte y arquitectura creativa\"}]},{\"@type\":\"WebSite\",\"@id\":\"https:\/\/casalivo.com\/es\/#website\",\"url\":\"https:\/\/casalivo.com\/es\/\",\"name\":\"casalivo s. l.\",\"description\":\"Verkauf, vermietung, planung und renovierung von Immobilien auf Mallorca\",\"publisher\":{\"@id\":\"https:\/\/casalivo.com\/es\/#organization\"},\"potentialAction\":[{\"@type\":\"SearchAction\",\"target\":{\"@type\":\"EntryPoint\",\"urlTemplate\":\"https:\/\/casalivo.com\/es\/?s={search_term_string}\"},\"query-input\":{\"@type\":\"PropertyValueSpecification\",\"valueRequired\":true,\"valueName\":\"search_term_string\"}}],\"inLanguage\":\"es\"},{\"@type\":\"Organization\",\"@id\":\"https:\/\/casalivo.com\/es\/#organization\",\"name\":\"casalivo s. l.\",\"url\":\"https:\/\/casalivo.com\/es\/\",\"logo\":{\"@type\":\"ImageObject\",\"inLanguage\":\"es\",\"@id\":\"https:\/\/casalivo.com\/es\/#\/schema\/logo\/image\/\",\"url\":\"https:\/\/casalivo.com\/wp-content\/uploads\/2023\/10\/Casalivo-Logo_h190-1.png\",\"contentUrl\":\"https:\/\/casalivo.com\/wp-content\/uploads\/2023\/10\/Casalivo-Logo_h190-1.png\",\"width\":300,\"height\":93,\"caption\":\"casalivo s. l.\"},\"image\":{\"@id\":\"https:\/\/casalivo.com\/es\/#\/schema\/logo\/image\/\"},\"sameAs\":[\"https:\/\/www.facebook.com\/profile.php?id=100064261653503\",\"https:\/\/www.instagram.com\/casalivo\/\"]}]}<\/script>\n<!-- \/ Yoast SEO plugin. -->","yoast_head_json":{"title":"Arte y arquitectura creativa - casalivo s. l.","robots":{"index":"index","follow":"follow","max-snippet":"max-snippet:-1","max-image-preview":"max-image-preview:large","max-video-preview":"max-video-preview:-1"},"canonical":"https:\/\/casalivo.com\/es\/arte-y-arquitectura-creativa\/","og_locale":"es_ES","og_type":"article","og_title":"Arte y arquitectura creativa - casalivo s. l.","og_url":"https:\/\/casalivo.com\/es\/arte-y-arquitectura-creativa\/","og_site_name":"casalivo s. l.","article_publisher":"https:\/\/www.facebook.com\/profile.php?id=100064261653503","article_modified_time":"2024-02-21T09:19:42+00:00","og_image":[{"width":1290,"height":647,"url":"https:\/\/casalivo.com\/wp-content\/uploads\/2023\/11\/Hausidee.png","type":"image\/png"}],"twitter_card":"summary_large_image","twitter_misc":{"Tiempo de lectura":"22 minutos"},"schema":{"@context":"https:\/\/schema.org","@graph":[{"@type":"WebPage","@id":"https:\/\/casalivo.com\/es\/arte-y-arquitectura-creativa\/","url":"https:\/\/casalivo.com\/es\/arte-y-arquitectura-creativa\/","name":"Arte y arquitectura creativa - casalivo s. l.","isPartOf":{"@id":"https:\/\/casalivo.com\/es\/#website"},"primaryImageOfPage":{"@id":"https:\/\/casalivo.com\/es\/arte-y-arquitectura-creativa\/#primaryimage"},"image":{"@id":"https:\/\/casalivo.com\/es\/arte-y-arquitectura-creativa\/#primaryimage"},"thumbnailUrl":"https:\/\/casalivo.com\/wp-content\/uploads\/2023\/11\/Hausidee.png","datePublished":"2023-11-30T16:54:53+00:00","dateModified":"2024-02-21T09:19:42+00:00","breadcrumb":{"@id":"https:\/\/casalivo.com\/es\/arte-y-arquitectura-creativa\/#breadcrumb"},"inLanguage":"es","potentialAction":[{"@type":"ReadAction","target":["https:\/\/casalivo.com\/es\/arte-y-arquitectura-creativa\/"]}]},{"@type":"ImageObject","inLanguage":"es","@id":"https:\/\/casalivo.com\/es\/arte-y-arquitectura-creativa\/#primaryimage","url":"https:\/\/casalivo.com\/wp-content\/uploads\/2023\/11\/Hausidee.png","contentUrl":"https:\/\/casalivo.com\/wp-content\/uploads\/2023\/11\/Hausidee.png","width":1290,"height":647},{"@type":"BreadcrumbList","@id":"https:\/\/casalivo.com\/es\/arte-y-arquitectura-creativa\/#breadcrumb","itemListElement":[{"@type":"ListItem","position":1,"name":"Startseite","item":"https:\/\/casalivo.com\/es\/inicio\/"},{"@type":"ListItem","position":2,"name":"Arte y arquitectura creativa"}]},{"@type":"WebSite","@id":"https:\/\/casalivo.com\/es\/#website","url":"https:\/\/casalivo.com\/es\/","name":"casalivo s. l.","description":"Verkauf, vermietung, planung und renovierung von Immobilien auf Mallorca","publisher":{"@id":"https:\/\/casalivo.com\/es\/#organization"},"potentialAction":[{"@type":"SearchAction","target":{"@type":"EntryPoint","urlTemplate":"https:\/\/casalivo.com\/es\/?s={search_term_string}"},"query-input":{"@type":"PropertyValueSpecification","valueRequired":true,"valueName":"search_term_string"}}],"inLanguage":"es"},{"@type":"Organization","@id":"https:\/\/casalivo.com\/es\/#organization","name":"casalivo s. l.","url":"https:\/\/casalivo.com\/es\/","logo":{"@type":"ImageObject","inLanguage":"es","@id":"https:\/\/casalivo.com\/es\/#\/schema\/logo\/image\/","url":"https:\/\/casalivo.com\/wp-content\/uploads\/2023\/10\/Casalivo-Logo_h190-1.png","contentUrl":"https:\/\/casalivo.com\/wp-content\/uploads\/2023\/10\/Casalivo-Logo_h190-1.png","width":300,"height":93,"caption":"casalivo s. l."},"image":{"@id":"https:\/\/casalivo.com\/es\/#\/schema\/logo\/image\/"},"sameAs":["https:\/\/www.facebook.com\/profile.php?id=100064261653503","https:\/\/www.instagram.com\/casalivo\/"]}]}},"_links":{"self":[{"href":"https:\/\/casalivo.com\/es\/wp-json\/wp\/v2\/pages\/3223","targetHints":{"allow":["GET"]}}],"collection":[{"href":"https:\/\/casalivo.com\/es\/wp-json\/wp\/v2\/pages"}],"about":[{"href":"https:\/\/casalivo.com\/es\/wp-json\/wp\/v2\/types\/page"}],"author":[{"embeddable":true,"href":"https:\/\/casalivo.com\/es\/wp-json\/wp\/v2\/users\/1"}],"replies":[{"embeddable":true,"href":"https:\/\/casalivo.com\/es\/wp-json\/wp\/v2\/comments?post=3223"}],"version-history":[{"count":6,"href":"https:\/\/casalivo.com\/es\/wp-json\/wp\/v2\/pages\/3223\/revisions"}],"predecessor-version":[{"id":5000,"href":"https:\/\/casalivo.com\/es\/wp-json\/wp\/v2\/pages\/3223\/revisions\/5000"}],"wp:featuredmedia":[{"embeddable":true,"href":"https:\/\/casalivo.com\/es\/wp-json\/wp\/v2\/media\/2183"}],"wp:attachment":[{"href":"https:\/\/casalivo.com\/es\/wp-json\/wp\/v2\/media?parent=3223"}],"curies":[{"name":"wp","href":"https:\/\/api.w.org\/{rel}","templated":true}]}}