{"id":3245,"date":"2023-12-11T14:25:05","date_gmt":"2023-12-11T13:25:05","guid":{"rendered":"http:\/\/casalivo.cyon.link\/merece-la-pena-saberlo\/"},"modified":"2023-12-19T14:24:08","modified_gmt":"2023-12-19T13:24:08","slug":"merece-la-pena-saberlo","status":"publish","type":"page","link":"https:\/\/casalivo.com\/es\/merece-la-pena-saberlo\/","title":{"rendered":"Merece la pena saberlo"},"content":{"rendered":"<p><div class=\"fusion-fullwidth fullwidth-box fusion-builder-row-1 fusion-flex-container has-pattern-background has-mask-background hundred-percent-fullwidth non-hundred-percent-height-scrolling\" style=\"--awb-border-radius-top-left:0px;--awb-border-radius-top-right:0px;--awb-border-radius-bottom-right:0px;--awb-border-radius-bottom-left:0px;--awb-padding-right:0px;--awb-padding-left:0px;--awb-margin-top:0px;--awb-margin-bottom:0px;--awb-min-height:60vh;--awb-background-color:var(--awb-color1);--awb-flex-wrap:wrap;\" ><div class=\"fusion-builder-row fusion-row fusion-flex-align-items-stretch fusion-flex-justify-content-flex-end fusion-flex-content-wrap\" style=\"width:104% !important;max-width:104% !important;margin-left: calc(-4% \/ 2 );margin-right: calc(-4% \/ 2 );\"><div class=\"fusion-layout-column fusion_builder_column fusion-builder-column-0 fusion_builder_column_3_5 3_5 fusion-flex-column\" style=\"--awb-bg-position:center center;--awb-bg-size:cover;--awb-width-large:60%;--awb-margin-top-large:0px;--awb-spacing-right-large:0px;--awb-margin-bottom-large:0px;--awb-spacing-left-large:3.2%;--awb-width-medium:100%;--awb-order-medium:0;--awb-spacing-right-medium:0px;--awb-spacing-left-medium:1.92%;--awb-width-small:100%;--awb-order-small:0;--awb-spacing-right-small:1.92%;--awb-spacing-left-small:1.92%;\" data-scroll-devices=\"small-visibility,medium-visibility,large-visibility\"><div class=\"fusion-column-wrapper lazyload fusion-column-has-shadow fusion-flex-justify-content-flex-start fusion-content-layout-column fusion-column-has-bg-image\" data-bg-url=\"https:\/\/casalivo.com\/wp-content\/uploads\/2023\/12\/casalivo-wissenswertes.jpg\" data-bg=\"https:\/\/casalivo.com\/wp-content\/uploads\/2023\/12\/casalivo-wissenswertes.jpg\"><div class=\"fusion-separator fusion-no-large-visibility fusion-full-width-sep\" style=\"align-self: center;margin-left: auto;margin-right: auto;margin-top:40vh;width:100%;\"><\/div>\n<\/div><\/div><div class=\"fusion-layout-column fusion_builder_column fusion-builder-column-1 fusion_builder_column_2_5 2_5 fusion-flex-column fusion-flex-align-self-stretch\" style=\"--awb-padding-top:6%;--awb-padding-right:13%;--awb-padding-bottom:6%;--awb-padding-left:10%;--awb-bg-color:#e0d7cc;--awb-bg-color-hover:#e0d7cc;--awb-bg-size:cover;--awb-width-large:40%;--awb-margin-top-large:0px;--awb-spacing-right-large:4.8%;--awb-margin-bottom-large:0px;--awb-spacing-left-large:0px;--awb-width-medium:100%;--awb-order-medium:0;--awb-spacing-right-medium:1.92%;--awb-spacing-left-medium:0px;--awb-width-small:100%;--awb-order-small:0;--awb-spacing-right-small:1.92%;--awb-spacing-left-small:1.92%;\" data-scroll-devices=\"small-visibility,medium-visibility,large-visibility\"><div class=\"fusion-column-wrapper fusion-column-has-shadow fusion-flex-justify-content-center fusion-content-layout-column\"><div class=\"fusion-title title fusion-title-1 fusion-sep-none fusion-title-text fusion-title-size-three header-text-gross\"><h3 class=\"fusion-title-heading title-heading-left fusion-responsive-typography-calculated\" style=\"margin:0;text-transform:uppercase;--fontSize:22;--minFontSize:22;line-height:1.2;\">Merece la pena saberlo<\/h3><\/div><div class=\"fusion-title title fusion-title-2 fusion-sep-none fusion-title-text fusion-title-size-one\" style=\"--awb-margin-bottom:3vh;\"><h1 class=\"fusion-title-heading title-heading-left fusion-responsive-typography-calculated\" style=\"margin:0;--fontSize:65;line-height:1.1;\">Consejos generales para comprar una propiedad en Mallorca<\/h1><\/div><div class=\"fusion-text fusion-text-1\"><p>Comprar una propiedad no es algo cotidiano para la mayor\u00eda de la gente. Y menos a\u00fan si la propiedad de sus sue\u00f1os se encuentra en el extranjero. Las diferentes legislaciones y la idiosincrasia cultural pueden dificultar considerablemente una adquisici\u00f3n sin problemas.<\/p>\n<p>Hemos elaborado una lista de cosas que debe tener en cuenta al comprar una propiedad en Mallorca.<\/p>\n<\/div><\/div><\/div><\/div><\/div><div class=\"fusion-fullwidth fullwidth-box fusion-builder-row-2 fusion-flex-container has-pattern-background has-mask-background nonhundred-percent-fullwidth non-hundred-percent-height-scrolling\" style=\"--awb-border-radius-top-left:0px;--awb-border-radius-top-right:0px;--awb-border-radius-bottom-right:0px;--awb-border-radius-bottom-left:0px;--awb-padding-top:5vh;--awb-padding-bottom:5vh;--awb-flex-wrap:wrap;\" ><div class=\"fusion-builder-row fusion-row fusion-flex-align-items-flex-start fusion-flex-content-wrap\" style=\"max-width:1664px;margin-left: calc(-4% \/ 2 );margin-right: calc(-4% \/ 2 );\"><div class=\"fusion-layout-column fusion_builder_column fusion-builder-column-2 fusion_builder_column_2_3 2_3 fusion-flex-column\" style=\"--awb-bg-size:cover;--awb-width-large:66.666666666667%;--awb-margin-top-large:0px;--awb-spacing-right-large:2.88%;--awb-margin-bottom-large:20px;--awb-spacing-left-large:2.88%;--awb-width-medium:100%;--awb-order-medium:0;--awb-spacing-right-medium:1.92%;--awb-spacing-left-medium:1.92%;--awb-width-small:100%;--awb-order-small:0;--awb-spacing-right-small:1.92%;--awb-spacing-left-small:1.92%;\" data-scroll-devices=\"small-visibility,medium-visibility,large-visibility\"><div class=\"fusion-column-wrapper fusion-column-has-shadow fusion-flex-justify-content-flex-start fusion-content-layout-column\"><div class=\"fusion-title title fusion-title-3 fusion-sep-none fusion-title-text fusion-title-size-two\" style=\"--awb-text-color:var(--awb-custom_color_1);\"><h2 class=\"fusion-title-heading title-heading-left fusion-responsive-typography-calculated\" style=\"margin:0;--fontSize:45;line-height:var(--awb-typography1-line-height);\">Qu\u00e9 debe tener en cuenta al comprar una propiedad en Mallorca<\/h2><\/div><div class=\"fusion-text fusion-text-2\" style=\"--awb-font-size:20px;--awb-text-color:var(--awb-custom_color_1);--awb-text-font-family:&quot;Roboto Condensed&quot;;--awb-text-font-style:normal;--awb-text-font-weight:400;\"><ol>\n<li>Tenga en cuenta que los contratos de compra que ya se hayan celebrado verbalmente son v\u00e1lidos.<\/li>\n<li>El contrato privado escrito, a menudo denominado contrato preliminar, no es en absoluto un contrato preliminar, sino el contrato definitivo, que se redacta teniendo en cuenta la<\/li>\n<li>La inscripci\u00f3n est\u00e1 pendiente de certificaci\u00f3n notarial.<\/li>\n<li>Un pago inicial o a plazos es posible, pero debe estar garantizado.<\/li>\n<li>Antes de firmar cualquier contrato, incluso un contrato preliminar, el vendedor debe presentar la Escritura que ha firmado. En la Escritura, si el vendedor ha sido inscrito, puede verse la nota correspondiente del registro de la propiedad.<\/li>\n<li>Tambi\u00e9n debe solicitarse un extracto del registro de la propiedad antes de firmar para asegurarse de que no existen grav\u00e1menes.<\/li>\n<li>Como los grav\u00e1menes no tienen que registrarse (excepci\u00f3n: la hipoteca), el comprador debe insistir en que la exenci\u00f3n de grav\u00e1menes se incluya en la escritura cuando se formalice ante notario el contrato de compraventa.<\/li>\n<li>El notario est\u00e1 obligado a solicitar un extracto del registro de la propiedad antes de elevar a escritura p\u00fablica el contrato de compraventa. Tambi\u00e9n est\u00e1 obligado a informar al registro de la propiedad de la certificaci\u00f3n notarial el mismo d\u00eda. El comprador debe asegurarse de que el notario ha cumplido ambas obligaciones.<\/li>\n<li>Tras la elevaci\u00f3n a escritura p\u00fablica, debe introducirse el mencionado \u00abaviso de prioridad\u00bb (asiento) para evitar que se introduzcan derechos en conflicto o la escritura de otro comprador despu\u00e9s de la elevaci\u00f3n a escritura p\u00fablica y antes de que se introduzca la escritura propia. Debe respetarse el plazo de caducidad de esta entrada, que suele ser de 60 d\u00edas.<\/li>\n<li>Antes de la inscripci\u00f3n, deber\u00e1n abonarse los impuestos mencionados y anotarse el pago en la Escritura.<\/li>\n<li>Si se va a edificar en una parcela sin edificar, el comprador debe asegurarse de que se trata de un terreno edificable y obtener la correspondiente licencia urban\u00edstica.<\/li>\n<li>Adem\u00e1s, debe hacer que le presenten la declaraci\u00f3n de obra nueva, que debe presentarse en escritura notarial, una vez finalizadas las obras. Esta declaraci\u00f3n de obra nueva debe inscribirse en el registro de la propiedad; de lo contrario, el edificio se considerar\u00e1 \u00abedificio negro\u00bb y podr\u00e1 ser demolido sin indemnizaci\u00f3n.<br \/>\nAdem\u00e1s, el comprador deber\u00e1 presentar una c\u00e9dula de habitabilidad, ya que de lo contrario no podr\u00e1 celebrar ning\u00fan contrato con las empresas de servicios p\u00fablicos (agua, electricidad).<\/li>\n<li>Si se compra una propiedad como parte de un condominio (piso, casa en un complejo vacacional, restaurante), el comprador debe pedir ver la declaraci\u00f3n de divisi\u00f3n, que se inscribe en el registro de la propiedad, y, si procede, los estatutos de la asociaci\u00f3n. Ambos documentos sirven para determinar qu\u00e9 pertenece a la propiedad especial y qu\u00e9 a la com\u00fan.<\/li>\n<li>El comprador debe informarse de si su vendedor\/propietario ha pagado todas sus facturas o si a\u00fan existen atrasos.<\/li>\n<li>El comprador debe ser consciente de que la adquisici\u00f3n de una propiedad a trav\u00e9s de una empresa creada espec\u00edficamente para este fin (por ejemplo, GmbH) no es necesariamente un modelo de ahorro fiscal.<\/li>\n<li>Si una persona fallecida ha \u00abdejado\u00bb una propiedad en Espa\u00f1a, debe tenerse en cuenta lo siguiente:\n<ol type=\"a\">\n<li>Consulta en el registro central de sucesiones de Espa\u00f1a si se ha inscrito all\u00ed una disposici\u00f3n testamentaria del fallecido.<\/li>\n<li>Expedici\u00f3n de un certificado internacional de defunci\u00f3n por el registro civil competente.<\/li>\n<li>Certificado de herencia, que debe solicitarse en forma notarial ante el tribunal testamentario competente, o la disposici\u00f3n testamentaria y la transcripci\u00f3n de apertura del tribunal testamentario.<\/li>\n<li>Por regla general, tambi\u00e9n se requiere una declaraci\u00f3n notarial de aceptaci\u00f3n de la herencia, ya que, de lo contrario, el heredero no ser\u00e1 inscrito en el registro de la propiedad en Espa\u00f1a.<\/li>\n<\/ol>\n<\/li>\n<\/ol>\n<\/div><\/div><\/div><\/div><\/div><\/p>\n","protected":false},"excerpt":{"rendered":"","protected":false},"author":1,"featured_media":2903,"parent":0,"menu_order":0,"comment_status":"closed","ping_status":"closed","template":"100-width.php","meta":{"_acf_changed":false,"footnotes":""},"class_list":["post-3245","page","type-page","status-publish","has-post-thumbnail","hentry"],"acf":[],"yoast_head":"<!-- This site is optimized with the Yoast SEO plugin v26.2 - https:\/\/yoast.com\/wordpress\/plugins\/seo\/ -->\n<title>Merece la pena saberlo - casalivo s. l.<\/title>\n<meta name=\"robots\" content=\"index, follow, max-snippet:-1, max-image-preview:large, max-video-preview:-1\" \/>\n<link rel=\"canonical\" href=\"https:\/\/casalivo.com\/es\/merece-la-pena-saberlo\/\" \/>\n<meta property=\"og:locale\" content=\"es_ES\" \/>\n<meta property=\"og:type\" content=\"article\" \/>\n<meta property=\"og:title\" content=\"Merece la pena saberlo - casalivo s. l.\" \/>\n<meta property=\"og:url\" content=\"https:\/\/casalivo.com\/es\/merece-la-pena-saberlo\/\" \/>\n<meta property=\"og:site_name\" content=\"casalivo s. l.\" \/>\n<meta property=\"article:publisher\" content=\"https:\/\/www.facebook.com\/profile.php?id=100064261653503\" \/>\n<meta property=\"article:modified_time\" content=\"2023-12-19T13:24:08+00:00\" \/>\n<meta property=\"og:image\" content=\"https:\/\/casalivo.com\/wp-content\/uploads\/2023\/12\/casalivo-wissenswertes.jpg\" \/>\n\t<meta property=\"og:image:width\" content=\"2500\" \/>\n\t<meta property=\"og:image:height\" content=\"1877\" \/>\n\t<meta property=\"og:image:type\" content=\"image\/jpeg\" \/>\n<meta name=\"twitter:card\" content=\"summary_large_image\" \/>\n<meta name=\"twitter:label1\" content=\"Tiempo de lectura\" \/>\n\t<meta name=\"twitter:data1\" content=\"21 minutos\" \/>\n<script type=\"application\/ld+json\" class=\"yoast-schema-graph\">{\"@context\":\"https:\/\/schema.org\",\"@graph\":[{\"@type\":\"WebPage\",\"@id\":\"https:\/\/casalivo.com\/es\/merece-la-pena-saberlo\/\",\"url\":\"https:\/\/casalivo.com\/es\/merece-la-pena-saberlo\/\",\"name\":\"Merece la pena saberlo - casalivo s. l.\",\"isPartOf\":{\"@id\":\"https:\/\/casalivo.com\/es\/#website\"},\"primaryImageOfPage\":{\"@id\":\"https:\/\/casalivo.com\/es\/merece-la-pena-saberlo\/#primaryimage\"},\"image\":{\"@id\":\"https:\/\/casalivo.com\/es\/merece-la-pena-saberlo\/#primaryimage\"},\"thumbnailUrl\":\"https:\/\/casalivo.com\/wp-content\/uploads\/2023\/12\/casalivo-wissenswertes.jpg\",\"datePublished\":\"2023-12-11T13:25:05+00:00\",\"dateModified\":\"2023-12-19T13:24:08+00:00\",\"breadcrumb\":{\"@id\":\"https:\/\/casalivo.com\/es\/merece-la-pena-saberlo\/#breadcrumb\"},\"inLanguage\":\"es\",\"potentialAction\":[{\"@type\":\"ReadAction\",\"target\":[\"https:\/\/casalivo.com\/es\/merece-la-pena-saberlo\/\"]}]},{\"@type\":\"ImageObject\",\"inLanguage\":\"es\",\"@id\":\"https:\/\/casalivo.com\/es\/merece-la-pena-saberlo\/#primaryimage\",\"url\":\"https:\/\/casalivo.com\/wp-content\/uploads\/2023\/12\/casalivo-wissenswertes.jpg\",\"contentUrl\":\"https:\/\/casalivo.com\/wp-content\/uploads\/2023\/12\/casalivo-wissenswertes.jpg\",\"width\":2500,\"height\":1877},{\"@type\":\"BreadcrumbList\",\"@id\":\"https:\/\/casalivo.com\/es\/merece-la-pena-saberlo\/#breadcrumb\",\"itemListElement\":[{\"@type\":\"ListItem\",\"position\":1,\"name\":\"Startseite\",\"item\":\"https:\/\/casalivo.com\/es\/inicio\/\"},{\"@type\":\"ListItem\",\"position\":2,\"name\":\"Merece la pena saberlo\"}]},{\"@type\":\"WebSite\",\"@id\":\"https:\/\/casalivo.com\/es\/#website\",\"url\":\"https:\/\/casalivo.com\/es\/\",\"name\":\"casalivo s. l.\",\"description\":\"Verkauf, vermietung, planung und renovierung von Immobilien auf Mallorca\",\"publisher\":{\"@id\":\"https:\/\/casalivo.com\/es\/#organization\"},\"potentialAction\":[{\"@type\":\"SearchAction\",\"target\":{\"@type\":\"EntryPoint\",\"urlTemplate\":\"https:\/\/casalivo.com\/es\/?s={search_term_string}\"},\"query-input\":{\"@type\":\"PropertyValueSpecification\",\"valueRequired\":true,\"valueName\":\"search_term_string\"}}],\"inLanguage\":\"es\"},{\"@type\":\"Organization\",\"@id\":\"https:\/\/casalivo.com\/es\/#organization\",\"name\":\"casalivo s. l.\",\"url\":\"https:\/\/casalivo.com\/es\/\",\"logo\":{\"@type\":\"ImageObject\",\"inLanguage\":\"es\",\"@id\":\"https:\/\/casalivo.com\/es\/#\/schema\/logo\/image\/\",\"url\":\"https:\/\/casalivo.com\/wp-content\/uploads\/2023\/10\/Casalivo-Logo_h190-1.png\",\"contentUrl\":\"https:\/\/casalivo.com\/wp-content\/uploads\/2023\/10\/Casalivo-Logo_h190-1.png\",\"width\":300,\"height\":93,\"caption\":\"casalivo s. l.\"},\"image\":{\"@id\":\"https:\/\/casalivo.com\/es\/#\/schema\/logo\/image\/\"},\"sameAs\":[\"https:\/\/www.facebook.com\/profile.php?id=100064261653503\",\"https:\/\/www.instagram.com\/casalivo\/\"]}]}<\/script>\n<!-- \/ Yoast SEO plugin. -->","yoast_head_json":{"title":"Merece la pena saberlo - casalivo s. l.","robots":{"index":"index","follow":"follow","max-snippet":"max-snippet:-1","max-image-preview":"max-image-preview:large","max-video-preview":"max-video-preview:-1"},"canonical":"https:\/\/casalivo.com\/es\/merece-la-pena-saberlo\/","og_locale":"es_ES","og_type":"article","og_title":"Merece la pena saberlo - casalivo s. l.","og_url":"https:\/\/casalivo.com\/es\/merece-la-pena-saberlo\/","og_site_name":"casalivo s. l.","article_publisher":"https:\/\/www.facebook.com\/profile.php?id=100064261653503","article_modified_time":"2023-12-19T13:24:08+00:00","og_image":[{"width":2500,"height":1877,"url":"https:\/\/casalivo.com\/wp-content\/uploads\/2023\/12\/casalivo-wissenswertes.jpg","type":"image\/jpeg"}],"twitter_card":"summary_large_image","twitter_misc":{"Tiempo de lectura":"21 minutos"},"schema":{"@context":"https:\/\/schema.org","@graph":[{"@type":"WebPage","@id":"https:\/\/casalivo.com\/es\/merece-la-pena-saberlo\/","url":"https:\/\/casalivo.com\/es\/merece-la-pena-saberlo\/","name":"Merece la pena saberlo - casalivo s. l.","isPartOf":{"@id":"https:\/\/casalivo.com\/es\/#website"},"primaryImageOfPage":{"@id":"https:\/\/casalivo.com\/es\/merece-la-pena-saberlo\/#primaryimage"},"image":{"@id":"https:\/\/casalivo.com\/es\/merece-la-pena-saberlo\/#primaryimage"},"thumbnailUrl":"https:\/\/casalivo.com\/wp-content\/uploads\/2023\/12\/casalivo-wissenswertes.jpg","datePublished":"2023-12-11T13:25:05+00:00","dateModified":"2023-12-19T13:24:08+00:00","breadcrumb":{"@id":"https:\/\/casalivo.com\/es\/merece-la-pena-saberlo\/#breadcrumb"},"inLanguage":"es","potentialAction":[{"@type":"ReadAction","target":["https:\/\/casalivo.com\/es\/merece-la-pena-saberlo\/"]}]},{"@type":"ImageObject","inLanguage":"es","@id":"https:\/\/casalivo.com\/es\/merece-la-pena-saberlo\/#primaryimage","url":"https:\/\/casalivo.com\/wp-content\/uploads\/2023\/12\/casalivo-wissenswertes.jpg","contentUrl":"https:\/\/casalivo.com\/wp-content\/uploads\/2023\/12\/casalivo-wissenswertes.jpg","width":2500,"height":1877},{"@type":"BreadcrumbList","@id":"https:\/\/casalivo.com\/es\/merece-la-pena-saberlo\/#breadcrumb","itemListElement":[{"@type":"ListItem","position":1,"name":"Startseite","item":"https:\/\/casalivo.com\/es\/inicio\/"},{"@type":"ListItem","position":2,"name":"Merece la pena saberlo"}]},{"@type":"WebSite","@id":"https:\/\/casalivo.com\/es\/#website","url":"https:\/\/casalivo.com\/es\/","name":"casalivo s. l.","description":"Verkauf, vermietung, planung und renovierung von Immobilien auf Mallorca","publisher":{"@id":"https:\/\/casalivo.com\/es\/#organization"},"potentialAction":[{"@type":"SearchAction","target":{"@type":"EntryPoint","urlTemplate":"https:\/\/casalivo.com\/es\/?s={search_term_string}"},"query-input":{"@type":"PropertyValueSpecification","valueRequired":true,"valueName":"search_term_string"}}],"inLanguage":"es"},{"@type":"Organization","@id":"https:\/\/casalivo.com\/es\/#organization","name":"casalivo s. l.","url":"https:\/\/casalivo.com\/es\/","logo":{"@type":"ImageObject","inLanguage":"es","@id":"https:\/\/casalivo.com\/es\/#\/schema\/logo\/image\/","url":"https:\/\/casalivo.com\/wp-content\/uploads\/2023\/10\/Casalivo-Logo_h190-1.png","contentUrl":"https:\/\/casalivo.com\/wp-content\/uploads\/2023\/10\/Casalivo-Logo_h190-1.png","width":300,"height":93,"caption":"casalivo s. l."},"image":{"@id":"https:\/\/casalivo.com\/es\/#\/schema\/logo\/image\/"},"sameAs":["https:\/\/www.facebook.com\/profile.php?id=100064261653503","https:\/\/www.instagram.com\/casalivo\/"]}]}},"_links":{"self":[{"href":"https:\/\/casalivo.com\/es\/wp-json\/wp\/v2\/pages\/3245","targetHints":{"allow":["GET"]}}],"collection":[{"href":"https:\/\/casalivo.com\/es\/wp-json\/wp\/v2\/pages"}],"about":[{"href":"https:\/\/casalivo.com\/es\/wp-json\/wp\/v2\/types\/page"}],"author":[{"embeddable":true,"href":"https:\/\/casalivo.com\/es\/wp-json\/wp\/v2\/users\/1"}],"replies":[{"embeddable":true,"href":"https:\/\/casalivo.com\/es\/wp-json\/wp\/v2\/comments?post=3245"}],"version-history":[{"count":2,"href":"https:\/\/casalivo.com\/es\/wp-json\/wp\/v2\/pages\/3245\/revisions"}],"predecessor-version":[{"id":3256,"href":"https:\/\/casalivo.com\/es\/wp-json\/wp\/v2\/pages\/3245\/revisions\/3256"}],"wp:featuredmedia":[{"embeddable":true,"href":"https:\/\/casalivo.com\/es\/wp-json\/wp\/v2\/media\/2903"}],"wp:attachment":[{"href":"https:\/\/casalivo.com\/es\/wp-json\/wp\/v2\/media?parent=3245"}],"curies":[{"name":"wp","href":"https:\/\/api.w.org\/{rel}","templated":true}]}}