{"id":3247,"date":"2023-11-30T18:04:33","date_gmt":"2023-11-30T17:04:33","guid":{"rendered":"http:\/\/casalivo.cyon.link\/gestion-de-instalaciones\/"},"modified":"2024-02-21T10:09:43","modified_gmt":"2024-02-21T09:09:43","slug":"gestion-de-instalaciones","status":"publish","type":"page","link":"https:\/\/casalivo.com\/es\/gestion-de-instalaciones\/","title":{"rendered":"Gesti\u00f3n de instalaciones"},"content":{"rendered":"<p><div class=\"fusion-fullwidth fullwidth-box fusion-builder-row-1 fusion-flex-container has-pattern-background has-mask-background hundred-percent-fullwidth non-hundred-percent-height-scrolling\" style=\"--awb-border-radius-top-left:0px;--awb-border-radius-top-right:0px;--awb-border-radius-bottom-right:0px;--awb-border-radius-bottom-left:0px;--awb-padding-right:0px;--awb-padding-left:0px;--awb-margin-top:0px;--awb-margin-bottom:0px;--awb-min-height:60vh;--awb-background-color:var(--awb-color1);--awb-flex-wrap:wrap;\" ><div class=\"fusion-builder-row fusion-row fusion-flex-align-items-stretch fusion-flex-justify-content-flex-end fusion-flex-content-wrap\" style=\"width:104% !important;max-width:104% !important;margin-left: calc(-4% \/ 2 );margin-right: calc(-4% \/ 2 );\"><div class=\"fusion-layout-column fusion_builder_column fusion-builder-column-0 fusion_builder_column_3_5 3_5 fusion-flex-column\" style=\"--awb-bg-position:center center;--awb-bg-size:cover;--awb-width-large:60%;--awb-margin-top-large:0px;--awb-spacing-right-large:0px;--awb-margin-bottom-large:0px;--awb-spacing-left-large:3.2%;--awb-width-medium:100%;--awb-order-medium:0;--awb-spacing-right-medium:0px;--awb-spacing-left-medium:1.92%;--awb-width-small:100%;--awb-order-small:0;--awb-spacing-right-small:1.92%;--awb-spacing-left-small:1.92%;\" data-scroll-devices=\"small-visibility,medium-visibility,large-visibility\"><div class=\"fusion-column-wrapper lazyload fusion-column-has-shadow fusion-flex-justify-content-flex-start fusion-content-layout-column fusion-column-has-bg-image\" data-bg-url=\"https:\/\/casalivo.com\/wp-content\/uploads\/2023\/11\/crystal-jo-PKcTuA_CRAo-unsplash-scaled.jpg\" data-bg=\"https:\/\/casalivo.com\/wp-content\/uploads\/2023\/11\/crystal-jo-PKcTuA_CRAo-unsplash-scaled.jpg\"><div class=\"fusion-separator fusion-no-large-visibility fusion-full-width-sep\" style=\"align-self: center;margin-left: auto;margin-right: auto;margin-top:40vh;width:100%;\"><\/div>\n<\/div><\/div><div class=\"fusion-layout-column fusion_builder_column fusion-builder-column-1 fusion_builder_column_2_5 2_5 fusion-flex-column fusion-flex-align-self-stretch\" style=\"--awb-padding-top:6%;--awb-padding-right:13%;--awb-padding-bottom:6%;--awb-padding-left:10%;--awb-bg-color:#e0d7cc;--awb-bg-color-hover:#e0d7cc;--awb-bg-size:cover;--awb-width-large:40%;--awb-margin-top-large:0px;--awb-spacing-right-large:4.8%;--awb-margin-bottom-large:0px;--awb-spacing-left-large:0px;--awb-width-medium:100%;--awb-order-medium:0;--awb-spacing-right-medium:1.92%;--awb-spacing-left-medium:0px;--awb-width-small:100%;--awb-order-small:0;--awb-spacing-right-small:1.92%;--awb-spacing-left-small:1.92%;\" data-scroll-devices=\"small-visibility,medium-visibility,large-visibility\"><div class=\"fusion-column-wrapper fusion-column-has-shadow fusion-flex-justify-content-center fusion-content-layout-column\"><div class=\"fusion-title title fusion-title-1 fusion-sep-none fusion-title-text fusion-title-size-three header-text-gross\"><h3 class=\"fusion-title-heading title-heading-left fusion-responsive-typography-calculated\" style=\"margin:0;text-transform:uppercase;--fontSize:22;--minFontSize:22;line-height:1.2;\">Gesti\u00f3n de instalaciones<\/h3><\/div><div class=\"fusion-title title fusion-title-2 fusion-sep-none fusion-title-text fusion-title-size-one\" style=\"--awb-margin-bottom:3vh;\"><h1 class=\"fusion-title-heading title-heading-left fusion-responsive-typography-calculated\" style=\"margin:0;--fontSize:65;line-height:1.1;\">La casa y el jard\u00edn necesitan mucho amor<\/h1><\/div><div class=\"fusion-text fusion-text-1\"><p>Cuidado, mantenimiento y conservaci\u00f3n de la propiedad, as\u00ed como del jard\u00edn y la piscina. Mantener y salvaguardar el valor es la tarea que queremos cumplir<\/p>\n<\/div><\/div><\/div><\/div><\/div><div class=\"fusion-fullwidth fullwidth-box fusion-builder-row-2 fusion-flex-container has-pattern-background has-mask-background nonhundred-percent-fullwidth non-hundred-percent-height-scrolling\" style=\"--awb-border-radius-top-left:0px;--awb-border-radius-top-right:0px;--awb-border-radius-bottom-right:0px;--awb-border-radius-bottom-left:0px;--awb-padding-top:5vh;--awb-padding-bottom:5vh;--awb-flex-wrap:wrap;\" ><div class=\"fusion-builder-row fusion-row fusion-flex-align-items-flex-start fusion-flex-content-wrap\" style=\"max-width:1664px;margin-left: calc(-4% \/ 2 );margin-right: calc(-4% \/ 2 );\"><div class=\"fusion-layout-column fusion_builder_column fusion-builder-column-2 fusion_builder_column_1_3 1_3 fusion-flex-column\" style=\"--awb-bg-size:cover;--awb-width-large:33.333333333333%;--awb-margin-top-large:0px;--awb-spacing-right-large:5.76%;--awb-margin-bottom-large:20px;--awb-spacing-left-large:5.76%;--awb-width-medium:33.333333333333%;--awb-order-medium:0;--awb-spacing-right-medium:5.76%;--awb-spacing-left-medium:5.76%;--awb-width-small:100%;--awb-order-small:0;--awb-spacing-right-small:1.92%;--awb-spacing-left-small:1.92%;\" data-scroll-devices=\"small-visibility,medium-visibility,large-visibility\"><div class=\"fusion-column-wrapper fusion-column-has-shadow fusion-flex-justify-content-flex-start fusion-content-layout-column\"><div class=\"fusion-title title fusion-title-3 fusion-sep-none fusion-title-text fusion-title-size-two\"><h2 class=\"fusion-title-heading title-heading-left fusion-responsive-typography-calculated\" style=\"margin:0;--fontSize:45;line-height:var(--awb-typography1-line-height);\">Limpieza<\/h2><\/div><div class=\"fusion-text fusion-text-2\"><p>Cuidamos de su hogar cuando usted no est\u00e1. Inspecci\u00f3n personal semanal de su propiedad incluida:<\/p>\n<\/div><ul style=\"--awb-size:18px;--awb-margin-bottom:40px;--awb-iconcolor:var(--awb-color7);--awb-textcolor:var(--awb-color7);--awb-line-height:30.6px;--awb-icon-width:30.6px;--awb-icon-height:30.6px;--awb-icon-margin:12.6px;--awb-content-margin:43.2px;\" class=\"fusion-checklist fusion-checklist-1 fusion-checklist-default type-icons\"><li class=\"fusion-li-item\" style=\"\"><span class=\"icon-wrapper circle-no\"><i class=\"fusion-li-icon fa-angle-right fas\" aria-hidden=\"true\"><\/i><\/span><div class=\"fusion-li-item-content\">Ventanas\/si procede Puertas abiertas para ventilaci\u00f3n<\/div><\/li><li class=\"fusion-li-item\" style=\"\"><span class=\"icon-wrapper circle-no\"><i class=\"fusion-li-icon fa-angle-right fas\" aria-hidden=\"true\"><\/i><\/span><div class=\"fusion-li-item-content\">Comprobaci\u00f3n general de la propiedad y sus dependencias<\/div><\/li><li class=\"fusion-li-item\" style=\"\"><span class=\"icon-wrapper circle-no\"><i class=\"fusion-li-icon fa-angle-right fas\" aria-hidden=\"true\"><\/i><\/span><div class=\"fusion-li-item-content\">Comprobaci\u00f3n de las tuber\u00edas de agua, inodoros y cisternas<\/div><\/li><li class=\"fusion-li-item\" style=\"\"><span class=\"icon-wrapper circle-no\"><i class=\"fusion-li-icon fa-angle-right fas\" aria-hidden=\"true\"><\/i><\/span><div class=\"fusion-li-item-content\">Comprobar las instalaciones sanitarias<\/div><\/li><li class=\"fusion-li-item\" style=\"\"><span class=\"icon-wrapper circle-no\"><i class=\"fusion-li-icon fa-angle-right fas\" aria-hidden=\"true\"><\/i><\/span><div class=\"fusion-li-item-content\">Comprobaci\u00f3n de la higiene del frigor\u00edfico<\/div><\/li><li class=\"fusion-li-item\" style=\"\"><span class=\"icon-wrapper circle-no\"><i class=\"fusion-li-icon fa-angle-right fas\" aria-hidden=\"true\"><\/i><\/span><div class=\"fusion-li-item-content\">si procede. Comprobar estufa, chimenea<\/div><\/li><li class=\"fusion-li-item\" style=\"\"><span class=\"icon-wrapper circle-no\"><i class=\"fusion-li-icon fa-angle-right fas\" aria-hidden=\"true\"><\/i><\/span><div class=\"fusion-li-item-content\">Comprobaci\u00f3n de las conexiones el\u00e9ctricas y los fusibles<\/div><\/li><li class=\"fusion-li-item\" style=\"\"><span class=\"icon-wrapper circle-no\"><i class=\"fusion-li-icon fa-angle-right fas\" aria-hidden=\"true\"><\/i><\/span><div class=\"fusion-li-item-content\">Inspecci\u00f3n general del jard\u00edn<\/div><\/li><li class=\"fusion-li-item\" style=\"\"><span class=\"icon-wrapper circle-no\"><i class=\"fusion-li-icon fa-angle-right fas\" aria-hidden=\"true\"><\/i><\/span><div class=\"fusion-li-item-content\">Compruebe las puertas y ventanas exteriores en busca de posibles signos de robo.<\/div><\/li><li class=\"fusion-li-item\" style=\"\"><span class=\"icon-wrapper circle-no\"><i class=\"fusion-li-icon fa-angle-right fas\" aria-hidden=\"true\"><\/i><\/span><div class=\"fusion-li-item-content\">Riego de plantas en interiores<\/div><\/li><\/ul><\/div><\/div><div class=\"fusion-layout-column fusion_builder_column fusion-builder-column-3 fusion_builder_column_1_3 1_3 fusion-flex-column\" style=\"--awb-bg-size:cover;--awb-width-large:33.333333333333%;--awb-margin-top-large:0px;--awb-spacing-right-large:5.76%;--awb-margin-bottom-large:20px;--awb-spacing-left-large:5.76%;--awb-width-medium:33.333333333333%;--awb-order-medium:0;--awb-spacing-right-medium:5.76%;--awb-spacing-left-medium:5.76%;--awb-width-small:100%;--awb-order-small:0;--awb-spacing-right-small:1.92%;--awb-spacing-left-small:1.92%;\" data-scroll-devices=\"small-visibility,medium-visibility,large-visibility\"><div class=\"fusion-column-wrapper fusion-column-has-shadow fusion-flex-justify-content-flex-start fusion-content-layout-column\"><div class=\"fusion-title title fusion-title-4 fusion-sep-none fusion-title-text fusion-title-size-two\"><h2 class=\"fusion-title-heading title-heading-left fusion-responsive-typography-calculated\" style=\"margin:0;--fontSize:45;line-height:var(--awb-typography1-line-height);\">Servicio de piscinas<\/h2><\/div><div class=\"fusion-text fusion-text-3\"><p>Mantenemos su piscina todas las semanas para que se divierta nadando. Limpieza semanal incluida:<\/p>\n<\/div><ul style=\"--awb-size:18px;--awb-margin-bottom:40px;--awb-iconcolor:var(--awb-color7);--awb-textcolor:var(--awb-color7);--awb-line-height:30.6px;--awb-icon-width:30.6px;--awb-icon-height:30.6px;--awb-icon-margin:12.6px;--awb-content-margin:43.2px;\" class=\"fusion-checklist fusion-checklist-2 fusion-checklist-default type-icons\"><li class=\"fusion-li-item\" style=\"\"><span class=\"icon-wrapper circle-no\"><i class=\"fusion-li-icon fa-angle-right fas\" aria-hidden=\"true\"><\/i><\/span><div class=\"fusion-li-item-content\">Comprobaci\u00f3n de los valores<\/div><\/li><li class=\"fusion-li-item\" style=\"\"><span class=\"icon-wrapper circle-no\"><i class=\"fusion-li-icon fa-angle-right fas\" aria-hidden=\"true\"><\/i><\/span><div class=\"fusion-li-item-content\">Limpieza del filtro<\/div><\/li><li class=\"fusion-li-item\" style=\"\"><span class=\"icon-wrapper circle-no\"><i class=\"fusion-li-icon fa-angle-right fas\" aria-hidden=\"true\"><\/i><\/span><div class=\"fusion-li-item-content\">Retrolavado del filtro<\/div><\/li><li class=\"fusion-li-item\" style=\"\"><span class=\"icon-wrapper circle-no\"><i class=\"fusion-li-icon fa-angle-right fas\" aria-hidden=\"true\"><\/i><\/span><div class=\"fusion-li-item-content\">Prueba de funcionamiento de la tecnolog\u00eda instalada (sistema PH Minus y sistema de sal)<\/div><\/li><li class=\"fusion-li-item\" style=\"\"><span class=\"icon-wrapper circle-no\"><i class=\"fusion-li-icon fa-angle-right fas\" aria-hidden=\"true\"><\/i><\/span><div class=\"fusion-li-item-content\">Compruebe los niveles de llenado de los productos de limpieza (PH menos)<\/div><\/li><li class=\"fusion-li-item\" style=\"\"><span class=\"icon-wrapper circle-no\"><i class=\"fusion-li-icon fa-angle-right fas\" aria-hidden=\"true\"><\/i><\/span><div class=\"fusion-li-item-content\">funciona perfectamente<\/div><\/li><\/ul><div class=\"fusion-text fusion-text-4\"><p>Tambi\u00e9n podemos realizar reparaciones adicionales en los azulejos, las piedras del borde de la piscina y la tecnolog\u00eda de la piscina si es necesario. Tambi\u00e9n la limpieza completa con cambio de agua y limpieza y rellenado de azulejos.<\/p>\n<\/div><\/div><\/div><div class=\"fusion-layout-column fusion_builder_column fusion-builder-column-4 fusion_builder_column_1_3 1_3 fusion-flex-column\" style=\"--awb-bg-size:cover;--awb-width-large:33.333333333333%;--awb-margin-top-large:0px;--awb-spacing-right-large:5.76%;--awb-margin-bottom-large:20px;--awb-spacing-left-large:5.76%;--awb-width-medium:33.333333333333%;--awb-order-medium:0;--awb-spacing-right-medium:5.76%;--awb-spacing-left-medium:5.76%;--awb-width-small:100%;--awb-order-small:0;--awb-spacing-right-small:1.92%;--awb-spacing-left-small:1.92%;\" data-scroll-devices=\"small-visibility,medium-visibility,large-visibility\"><div class=\"fusion-column-wrapper fusion-column-has-shadow fusion-flex-justify-content-flex-start fusion-content-layout-column\"><div class=\"fusion-title title fusion-title-5 fusion-sep-none fusion-title-text fusion-title-size-two\"><h2 class=\"fusion-title-heading title-heading-left fusion-responsive-typography-calculated\" style=\"margin:0;--fontSize:45;line-height:var(--awb-typography1-line-height);\">Jardiner\u00eda<\/h2><\/div><div class=\"fusion-text fusion-text-5\"><p>El mantenimiento de jardines est\u00e1 en buenas manos con nosotros. Llevamos a cabo este trabajo en funci\u00f3n del tiempo y los materiales, en consulta con usted, y podemos acordar un ciclo que satisfaga sus necesidades y se adapte a las fases de crecimiento de la vegetaci\u00f3n. Posibles servicios:<\/p>\n<\/div><ul style=\"--awb-size:18px;--awb-margin-bottom:40px;--awb-iconcolor:var(--awb-color7);--awb-textcolor:var(--awb-color7);--awb-line-height:30.6px;--awb-icon-width:30.6px;--awb-icon-height:30.6px;--awb-icon-margin:12.6px;--awb-content-margin:43.2px;\" class=\"fusion-checklist fusion-checklist-3 fusion-checklist-default type-icons\"><li class=\"fusion-li-item\" style=\"\"><span class=\"icon-wrapper circle-no\"><i class=\"fusion-li-icon fa-angle-right fas\" aria-hidden=\"true\"><\/i><\/span><div class=\"fusion-li-item-content\">Recorte de setos<\/div><\/li><li class=\"fusion-li-item\" style=\"\"><span class=\"icon-wrapper circle-no\"><i class=\"fusion-li-icon fa-angle-right fas\" aria-hidden=\"true\"><\/i><\/span><div class=\"fusion-li-item-content\">Eliminaci\u00f3n de malas hierbas<\/div><\/li><li class=\"fusion-li-item\" style=\"\"><span class=\"icon-wrapper circle-no\"><i class=\"fusion-li-icon fa-angle-right fas\" aria-hidden=\"true\"><\/i><\/span><div class=\"fusion-li-item-content\">Regulaci\u00f3n, control y aplicaci\u00f3n del riego<\/div><\/li><li class=\"fusion-li-item\" style=\"\"><span class=\"icon-wrapper circle-no\"><i class=\"fusion-li-icon fa-angle-right fas\" aria-hidden=\"true\"><\/i><\/span><div class=\"fusion-li-item-content\">Cortar el c\u00e9sped<\/div><\/li><li class=\"fusion-li-item\" style=\"\"><span class=\"icon-wrapper circle-no\"><i class=\"fusion-li-icon fa-angle-right fas\" aria-hidden=\"true\"><\/i><\/span><div class=\"fusion-li-item-content\">Poda de \u00e1rboles<\/div><\/li><li class=\"fusion-li-item\" style=\"\"><span class=\"icon-wrapper circle-no\"><i class=\"fusion-li-icon fa-angle-right fas\" aria-hidden=\"true\"><\/i><\/span><div class=\"fusion-li-item-content\">El cuidado de las palmeras<\/div><\/li><li class=\"fusion-li-item\" style=\"\"><span class=\"icon-wrapper circle-no\"><i class=\"fusion-li-icon fa-angle-right fas\" aria-hidden=\"true\"><\/i><\/span><div class=\"fusion-li-item-content\">Nueva plantaci\u00f3n y redise\u00f1o<\/div><\/li><\/ul><\/div><\/div><\/div><\/div><\/p>\n","protected":false},"excerpt":{"rendered":"","protected":false},"author":1,"featured_media":2269,"parent":0,"menu_order":0,"comment_status":"closed","ping_status":"closed","template":"100-width.php","meta":{"_acf_changed":false,"footnotes":""},"class_list":["post-3247","page","type-page","status-publish","has-post-thumbnail","hentry"],"acf":[],"yoast_head":"<!-- This site is optimized with the Yoast SEO plugin v26.2 - https:\/\/yoast.com\/wordpress\/plugins\/seo\/ -->\n<title>Gesti\u00f3n de instalaciones - casalivo s. l.<\/title>\n<meta name=\"robots\" content=\"index, follow, max-snippet:-1, max-image-preview:large, max-video-preview:-1\" \/>\n<link rel=\"canonical\" href=\"https:\/\/casalivo.com\/es\/gestion-de-instalaciones\/\" \/>\n<meta property=\"og:locale\" content=\"es_ES\" \/>\n<meta property=\"og:type\" content=\"article\" \/>\n<meta property=\"og:title\" content=\"Gesti\u00f3n de instalaciones - casalivo s. l.\" \/>\n<meta property=\"og:url\" content=\"https:\/\/casalivo.com\/es\/gestion-de-instalaciones\/\" \/>\n<meta property=\"og:site_name\" content=\"casalivo s. l.\" \/>\n<meta property=\"article:publisher\" content=\"https:\/\/www.facebook.com\/profile.php?id=100064261653503\" \/>\n<meta property=\"article:modified_time\" content=\"2024-02-21T09:09:43+00:00\" \/>\n<meta property=\"og:image\" content=\"https:\/\/casalivo.com\/wp-content\/uploads\/2023\/11\/crystal-jo-PKcTuA_CRAo-unsplash-scaled.jpg\" \/>\n\t<meta property=\"og:image:width\" content=\"2560\" \/>\n\t<meta property=\"og:image:height\" content=\"1707\" \/>\n\t<meta property=\"og:image:type\" content=\"image\/jpeg\" \/>\n<meta name=\"twitter:card\" content=\"summary_large_image\" \/>\n<meta name=\"twitter:label1\" content=\"Tiempo de lectura\" \/>\n\t<meta name=\"twitter:data1\" content=\"29 minutos\" \/>\n<script type=\"application\/ld+json\" class=\"yoast-schema-graph\">{\"@context\":\"https:\/\/schema.org\",\"@graph\":[{\"@type\":\"WebPage\",\"@id\":\"https:\/\/casalivo.com\/es\/gestion-de-instalaciones\/\",\"url\":\"https:\/\/casalivo.com\/es\/gestion-de-instalaciones\/\",\"name\":\"Gesti\u00f3n de instalaciones - casalivo s. l.\",\"isPartOf\":{\"@id\":\"https:\/\/casalivo.com\/es\/#website\"},\"primaryImageOfPage\":{\"@id\":\"https:\/\/casalivo.com\/es\/gestion-de-instalaciones\/#primaryimage\"},\"image\":{\"@id\":\"https:\/\/casalivo.com\/es\/gestion-de-instalaciones\/#primaryimage\"},\"thumbnailUrl\":\"https:\/\/casalivo.com\/wp-content\/uploads\/2023\/11\/crystal-jo-PKcTuA_CRAo-unsplash-scaled.jpg\",\"datePublished\":\"2023-11-30T17:04:33+00:00\",\"dateModified\":\"2024-02-21T09:09:43+00:00\",\"breadcrumb\":{\"@id\":\"https:\/\/casalivo.com\/es\/gestion-de-instalaciones\/#breadcrumb\"},\"inLanguage\":\"es\",\"potentialAction\":[{\"@type\":\"ReadAction\",\"target\":[\"https:\/\/casalivo.com\/es\/gestion-de-instalaciones\/\"]}]},{\"@type\":\"ImageObject\",\"inLanguage\":\"es\",\"@id\":\"https:\/\/casalivo.com\/es\/gestion-de-instalaciones\/#primaryimage\",\"url\":\"https:\/\/casalivo.com\/wp-content\/uploads\/2023\/11\/crystal-jo-PKcTuA_CRAo-unsplash-scaled.jpg\",\"contentUrl\":\"https:\/\/casalivo.com\/wp-content\/uploads\/2023\/11\/crystal-jo-PKcTuA_CRAo-unsplash-scaled.jpg\",\"width\":2560,\"height\":1707},{\"@type\":\"BreadcrumbList\",\"@id\":\"https:\/\/casalivo.com\/es\/gestion-de-instalaciones\/#breadcrumb\",\"itemListElement\":[{\"@type\":\"ListItem\",\"position\":1,\"name\":\"Startseite\",\"item\":\"https:\/\/casalivo.com\/es\/inicio\/\"},{\"@type\":\"ListItem\",\"position\":2,\"name\":\"Gesti\u00f3n de instalaciones\"}]},{\"@type\":\"WebSite\",\"@id\":\"https:\/\/casalivo.com\/es\/#website\",\"url\":\"https:\/\/casalivo.com\/es\/\",\"name\":\"casalivo s. l.\",\"description\":\"Verkauf, vermietung, planung und renovierung von Immobilien auf Mallorca\",\"publisher\":{\"@id\":\"https:\/\/casalivo.com\/es\/#organization\"},\"potentialAction\":[{\"@type\":\"SearchAction\",\"target\":{\"@type\":\"EntryPoint\",\"urlTemplate\":\"https:\/\/casalivo.com\/es\/?s={search_term_string}\"},\"query-input\":{\"@type\":\"PropertyValueSpecification\",\"valueRequired\":true,\"valueName\":\"search_term_string\"}}],\"inLanguage\":\"es\"},{\"@type\":\"Organization\",\"@id\":\"https:\/\/casalivo.com\/es\/#organization\",\"name\":\"casalivo s. l.\",\"url\":\"https:\/\/casalivo.com\/es\/\",\"logo\":{\"@type\":\"ImageObject\",\"inLanguage\":\"es\",\"@id\":\"https:\/\/casalivo.com\/es\/#\/schema\/logo\/image\/\",\"url\":\"https:\/\/casalivo.com\/wp-content\/uploads\/2023\/10\/Casalivo-Logo_h190-1.png\",\"contentUrl\":\"https:\/\/casalivo.com\/wp-content\/uploads\/2023\/10\/Casalivo-Logo_h190-1.png\",\"width\":300,\"height\":93,\"caption\":\"casalivo s. l.\"},\"image\":{\"@id\":\"https:\/\/casalivo.com\/es\/#\/schema\/logo\/image\/\"},\"sameAs\":[\"https:\/\/www.facebook.com\/profile.php?id=100064261653503\",\"https:\/\/www.instagram.com\/casalivo\/\"]}]}<\/script>\n<!-- \/ Yoast SEO plugin. -->","yoast_head_json":{"title":"Gesti\u00f3n de instalaciones - casalivo s. l.","robots":{"index":"index","follow":"follow","max-snippet":"max-snippet:-1","max-image-preview":"max-image-preview:large","max-video-preview":"max-video-preview:-1"},"canonical":"https:\/\/casalivo.com\/es\/gestion-de-instalaciones\/","og_locale":"es_ES","og_type":"article","og_title":"Gesti\u00f3n de instalaciones - casalivo s. l.","og_url":"https:\/\/casalivo.com\/es\/gestion-de-instalaciones\/","og_site_name":"casalivo s. l.","article_publisher":"https:\/\/www.facebook.com\/profile.php?id=100064261653503","article_modified_time":"2024-02-21T09:09:43+00:00","og_image":[{"width":2560,"height":1707,"url":"https:\/\/casalivo.com\/wp-content\/uploads\/2023\/11\/crystal-jo-PKcTuA_CRAo-unsplash-scaled.jpg","type":"image\/jpeg"}],"twitter_card":"summary_large_image","twitter_misc":{"Tiempo de lectura":"29 minutos"},"schema":{"@context":"https:\/\/schema.org","@graph":[{"@type":"WebPage","@id":"https:\/\/casalivo.com\/es\/gestion-de-instalaciones\/","url":"https:\/\/casalivo.com\/es\/gestion-de-instalaciones\/","name":"Gesti\u00f3n de instalaciones - casalivo s. l.","isPartOf":{"@id":"https:\/\/casalivo.com\/es\/#website"},"primaryImageOfPage":{"@id":"https:\/\/casalivo.com\/es\/gestion-de-instalaciones\/#primaryimage"},"image":{"@id":"https:\/\/casalivo.com\/es\/gestion-de-instalaciones\/#primaryimage"},"thumbnailUrl":"https:\/\/casalivo.com\/wp-content\/uploads\/2023\/11\/crystal-jo-PKcTuA_CRAo-unsplash-scaled.jpg","datePublished":"2023-11-30T17:04:33+00:00","dateModified":"2024-02-21T09:09:43+00:00","breadcrumb":{"@id":"https:\/\/casalivo.com\/es\/gestion-de-instalaciones\/#breadcrumb"},"inLanguage":"es","potentialAction":[{"@type":"ReadAction","target":["https:\/\/casalivo.com\/es\/gestion-de-instalaciones\/"]}]},{"@type":"ImageObject","inLanguage":"es","@id":"https:\/\/casalivo.com\/es\/gestion-de-instalaciones\/#primaryimage","url":"https:\/\/casalivo.com\/wp-content\/uploads\/2023\/11\/crystal-jo-PKcTuA_CRAo-unsplash-scaled.jpg","contentUrl":"https:\/\/casalivo.com\/wp-content\/uploads\/2023\/11\/crystal-jo-PKcTuA_CRAo-unsplash-scaled.jpg","width":2560,"height":1707},{"@type":"BreadcrumbList","@id":"https:\/\/casalivo.com\/es\/gestion-de-instalaciones\/#breadcrumb","itemListElement":[{"@type":"ListItem","position":1,"name":"Startseite","item":"https:\/\/casalivo.com\/es\/inicio\/"},{"@type":"ListItem","position":2,"name":"Gesti\u00f3n de instalaciones"}]},{"@type":"WebSite","@id":"https:\/\/casalivo.com\/es\/#website","url":"https:\/\/casalivo.com\/es\/","name":"casalivo s. l.","description":"Verkauf, vermietung, planung und renovierung von Immobilien auf Mallorca","publisher":{"@id":"https:\/\/casalivo.com\/es\/#organization"},"potentialAction":[{"@type":"SearchAction","target":{"@type":"EntryPoint","urlTemplate":"https:\/\/casalivo.com\/es\/?s={search_term_string}"},"query-input":{"@type":"PropertyValueSpecification","valueRequired":true,"valueName":"search_term_string"}}],"inLanguage":"es"},{"@type":"Organization","@id":"https:\/\/casalivo.com\/es\/#organization","name":"casalivo s. l.","url":"https:\/\/casalivo.com\/es\/","logo":{"@type":"ImageObject","inLanguage":"es","@id":"https:\/\/casalivo.com\/es\/#\/schema\/logo\/image\/","url":"https:\/\/casalivo.com\/wp-content\/uploads\/2023\/10\/Casalivo-Logo_h190-1.png","contentUrl":"https:\/\/casalivo.com\/wp-content\/uploads\/2023\/10\/Casalivo-Logo_h190-1.png","width":300,"height":93,"caption":"casalivo s. l."},"image":{"@id":"https:\/\/casalivo.com\/es\/#\/schema\/logo\/image\/"},"sameAs":["https:\/\/www.facebook.com\/profile.php?id=100064261653503","https:\/\/www.instagram.com\/casalivo\/"]}]}},"_links":{"self":[{"href":"https:\/\/casalivo.com\/es\/wp-json\/wp\/v2\/pages\/3247","targetHints":{"allow":["GET"]}}],"collection":[{"href":"https:\/\/casalivo.com\/es\/wp-json\/wp\/v2\/pages"}],"about":[{"href":"https:\/\/casalivo.com\/es\/wp-json\/wp\/v2\/types\/page"}],"author":[{"embeddable":true,"href":"https:\/\/casalivo.com\/es\/wp-json\/wp\/v2\/users\/1"}],"replies":[{"embeddable":true,"href":"https:\/\/casalivo.com\/es\/wp-json\/wp\/v2\/comments?post=3247"}],"version-history":[{"count":6,"href":"https:\/\/casalivo.com\/es\/wp-json\/wp\/v2\/pages\/3247\/revisions"}],"predecessor-version":[{"id":4989,"href":"https:\/\/casalivo.com\/es\/wp-json\/wp\/v2\/pages\/3247\/revisions\/4989"}],"wp:featuredmedia":[{"embeddable":true,"href":"https:\/\/casalivo.com\/es\/wp-json\/wp\/v2\/media\/2269"}],"wp:attachment":[{"href":"https:\/\/casalivo.com\/es\/wp-json\/wp\/v2\/media?parent=3247"}],"curies":[{"name":"wp","href":"https:\/\/api.w.org\/{rel}","templated":true}]}}