{"id":3835,"date":"2023-10-11T09:40:35","date_gmt":"2023-10-11T07:40:35","guid":{"rendered":"http:\/\/casalivo.cyon.link\/politica-de-privacidad\/"},"modified":"2024-02-06T14:50:09","modified_gmt":"2024-02-06T13:50:09","slug":"politica-de-privacidad","status":"publish","type":"page","link":"https:\/\/casalivo.com\/es\/politica-de-privacidad\/","title":{"rendered":"Pol\u00edtica de privacidad"},"content":{"rendered":"<div class=\"fusion-fullwidth fullwidth-box fusion-builder-row-1 fusion-flex-container has-pattern-background has-mask-background nonhundred-percent-fullwidth non-hundred-percent-height-scrolling\" style=\"--awb-border-radius-top-left:0px;--awb-border-radius-top-right:0px;--awb-border-radius-bottom-right:0px;--awb-border-radius-bottom-left:0px;--awb-flex-wrap:wrap;\" ><div class=\"fusion-builder-row fusion-row fusion-flex-align-items-flex-start fusion-flex-content-wrap\" style=\"max-width:1664px;margin-left: calc(-4% \/ 2 );margin-right: calc(-4% \/ 2 );\"><div class=\"fusion-layout-column fusion_builder_column fusion-builder-column-0 fusion_builder_column_4_5 4_5 fusion-flex-column\" style=\"--awb-bg-size:cover;--awb-width-large:80%;--awb-margin-top-large:0px;--awb-spacing-right-large:2.4%;--awb-margin-bottom-large:20px;--awb-spacing-left-large:2.4%;--awb-width-medium:80%;--awb-order-medium:0;--awb-spacing-right-medium:2.4%;--awb-spacing-left-medium:2.4%;--awb-width-small:100%;--awb-order-small:0;--awb-spacing-right-small:1.92%;--awb-spacing-left-small:1.92%;\"><div class=\"fusion-column-wrapper fusion-column-has-shadow fusion-flex-justify-content-flex-start fusion-content-layout-column\"><div class=\"fusion-text fusion-text-1\"><h1>Pol\u00edtica de privacidad casalivo s. l.<\/h1>\n<p>El responsable del tratamiento en el sentido de la legislaci\u00f3n sobre protecci\u00f3n de datos, en particular el Reglamento general de protecci\u00f3n de datos (RGPD) de la UE, es<\/p>\n<p>Stephan Seidenschwarz<\/p>\n<h2>Sus derechos como interesado<\/h2>\n<p>Puede ejercer los siguientes derechos en cualquier momento utilizando los datos de contacto de nuestro responsable de protecci\u00f3n de datos:<\/p>\n<ul>\n<li>Informaci\u00f3n sobre sus datos almacenados por nosotros y su tratamiento (Art. 15 GDPR),<\/li>\n<li>Correcci\u00f3n de datos personales incorrectos (Art. 16 GDPR),<\/li>\n<li>Supresi\u00f3n de sus datos almacenados por nosotros (Art. 17 GDPR),<\/li>\n<li>Restricci\u00f3n del tratamiento de datos si a\u00fan no estamos autorizados a suprimir sus datos debido a obligaciones legales (art. 18 del RGPD),<\/li>\n<li>Oposici\u00f3n al tratamiento de sus datos por nuestra parte (art. 21 del RGPD) y<\/li>\n<li>Portabilidad de los datos, siempre que usted haya dado su consentimiento al tratamiento de los datos o haya celebrado un contrato con nosotros (art. 20 del RGPD).<\/li>\n<\/ul>\n<p>Si nos ha dado su consentimiento, puede revocarlo en cualquier momento con efectos para el futuro.<\/p>\n<p>Puede presentar una reclamaci\u00f3n ante una autoridad de control en cualquier momento, por ejemplo, ante la autoridad de control competente en el Estado federado de su lugar de residencia o ante la autoridad responsable de nosotros como responsables del tratamiento.<\/p>\n<p>Encontrar\u00e1 una lista de autoridades supervisoras (para el sector no p\u00fablico) con sus direcciones en: <a href=\"https:\/\/www.bfdi.bund.de\/DE\/Service\/Anschriften\/Laender\/Laender-node.html\" target=\"_blank\" rel=\"noopener nofollow\">https:\/\/www.bfdi.bund.de\/DE\/Service\/Anschriften\/Laender\/Laender-node.html.<\/a><\/p>\n<h2>Recogida de informaci\u00f3n general al visitar nuestro sitio web<\/h2>\n<h3>Naturaleza y finalidad del tratamiento:<\/h3>\n<p>Cuando accede a nuestro sitio web, es decir, si no se registra ni transmite informaci\u00f3n de otro modo, se recopila autom\u00e1ticamente informaci\u00f3n de car\u00e1cter general. Esta informaci\u00f3n (archivos de registro del servidor) incluye, por ejemplo, el tipo de navegador web, el sistema operativo utilizado, el nombre de dominio de su proveedor de servicios de Internet, su direcci\u00f3n IP y similares.<\/p>\n<p>Se procesan, en particular, para los siguientes fines:<\/p>\n<ul>\n<li>Garantizar una conexi\u00f3n fluida con el sitio web,<\/li>\n<li>Garantizar el buen uso de nuestro sitio web,<\/li>\n<li>Evaluaci\u00f3n de la seguridad y estabilidad del sistema y<\/li>\n<li>para optimizar nuestro sitio web.<\/li>\n<\/ul>\n<p>No utilizamos sus datos para sacar conclusiones sobre su persona. Podemos tratar este tipo de informaci\u00f3n. anonimizadas y evaluadas estad\u00edsticamente para optimizar nuestro sitio web y la tecnolog\u00eda que lo sustenta.<\/p>\n<h3>Base jur\u00eddica e inter\u00e9s leg\u00edtimo:<\/h3>\n<p>El tratamiento se lleva a cabo de conformidad con el art. 6 p\u00e1rr. 1 lit. f GDPR sobre la base de nuestro inter\u00e9s leg\u00edtimo en mejorar la estabilidad y funcionalidad de nuestro sitio web.<\/p>\n<h3>Beneficiario:<\/h3>\n<p>Los destinatarios de los datos pueden ser proveedores de servicios t\u00e9cnicos que act\u00faan como procesadores para el funcionamiento y mantenimiento de nuestro sitio web.<\/p>\n<h3>Transferencia a un tercer pa\u00eds:<\/h3>\n<p>Los datos recogidos pueden utilizarse para a los siguientes terceros pa\u00edses:<\/p>\n<p>Suiza<\/p>\n<p>Existen las siguientes garant\u00edas de protecci\u00f3n de datos:<\/p>\n<p>Decisi\u00f3n de adecuaci\u00f3n Comisi\u00f3n de la UE<\/p>\n<h3>Duraci\u00f3n del almacenamiento:<\/h3>\n<p>Los datos se suprimir\u00e1n en cuanto dejen de ser necesarios para los fines para los que se recogieron. Este suele ser el caso de los datos utilizados para proporcionar el sitio web cuando ha finalizado la sesi\u00f3n correspondiente.<\/p>\n<p>Si los datos se almacenan en archivos de registro, el plazo m\u00e1ximo es de 14 d\u00edas. Es posible almacenar m\u00e1s. En este caso, las direcciones IP de los usuarios se anonimizan para que ya no sea posible identificar al cliente que llama.<\/p>\n<h3>Disposici\u00f3n prescrita o exigida:<\/h3>\n<p>El suministro de los datos personales mencionados no es legal ni contractualmente obligatorio. Sin embargo, sin la direcci\u00f3n IP no se puede garantizar el servicio y la funcionalidad de nuestro sitio web. Adem\u00e1s, algunos servicios pueden no estar disponibles o estar restringidos. Por esta raz\u00f3n, se excluye una objeci\u00f3n.<\/p>\n<h2>Cookies<\/h2>\n<p>Como muchos otros sitios web, tambi\u00e9n utilizamos las llamadas \u00abcookies\u00bb. Las cookies son peque\u00f1os archivos de texto que se almacenan en su dispositivo final (ordenador port\u00e1til, tableta, tel\u00e9fono inteligente, etc.) cuando visita nuestro sitio web.<\/p>\n<p>Puede eliminar cookies individuales o todo el inventario de cookies. Tambi\u00e9n recibir\u00e1 informaci\u00f3n e instrucciones sobre c\u00f3mo eliminar estas cookies o bloquear su almacenamiento con antelaci\u00f3n. Dependiendo del proveedor de su navegador, encontrar\u00e1 la informaci\u00f3n necesaria en los siguientes enlaces:<\/p>\n<ul>\n<li>Mozilla Firefox: <a href=\"https:\/\/support.mozilla.org\/de\/kb\/cookies-loeschen-daten-von-websites-entfernen\" target=\"_blank\" rel=\"nofollow noopener\">https:\/\/support.mozilla.org\/de\/kb\/cookies-loeschen-daten-von-websites-entfernen<\/a><\/li>\n<li>Internet Explorer: <a href=\"https:\/\/support.microsoft.com\/de-de\/help\/17442\/windows-internet-explorer-delete-manage-cookies\" target=\"_blank\" rel=\"nofollow noopener\">https:\/\/support.microsoft.com\/de-de\/help\/17442\/windows-internet-explorer-delete-manage-cookies<\/a><\/li>\n<li>Google Chrome: <a href=\"https:\/\/support.google.com\/accounts\/answer\/61416?hl=de\" target=\"_blank\" rel=\"nofollow noopener\">https:\/\/support.google.com\/accounts\/answer\/61416?hl=de<\/a><\/li>\n<li>\u00d3pera: <a href=\"http:\/\/www.opera.com\/de\/help\" target=\"_blank\" rel=\"nofollow noopener\">http:\/\/www.opera.com\/de\/help<\/a><\/li>\n<li>Safari: <a href=\"https:\/\/support.apple.com\/kb\/PH17191?locale=de_DE&amp;viewlocale=de_DE\" target=\"_blank\" rel=\"nofollow noopener\">https:\/\/support.apple.com\/kb\/PH17191?locale=de_DE&amp;viewlocale=de_DE<\/a><\/li>\n<\/ul>\n<h3>Duraci\u00f3n del almacenamiento y cookies utilizadas:<\/h3>\n<p>Si nos permite utilizar cookies a trav\u00e9s de la configuraci\u00f3n o el consentimiento de su navegador, es posible que en nuestros sitios web se utilicen las siguientes cookies:<\/p>\n<p>wp-wpml_current_language Duraci\u00f3n del almacenamiento: Sesi\u00f3n<\/p>\n<p>_lscache_vary Duraci\u00f3n del almacenamiento: 2 d\u00edas<\/p>\n<h2>Cookies t\u00e9cnicamente necesarias<\/h2>\n<h3>Naturaleza y finalidad del tratamiento:<\/h3>\n<p>Utilizamos cookies para que nuestro sitio web sea m\u00e1s f\u00e1cil de usar. Algunos elementos de nuestro sitio web requieren que el navegador de acceso pueda ser identificado incluso despu\u00e9s de un cambio de p\u00e1gina.<\/p>\n<p>La finalidad del uso de cookies t\u00e9cnicamente necesarias es simplificar el uso de los sitios web a los usuarios. Algunas funciones de nuestro sitio web no pueden ofrecerse sin el uso de cookies. Esto requiere que el navegador sea reconocido incluso despu\u00e9s de un cambio de p\u00e1gina.<\/p>\n<p>Necesitamos cookies para las siguientes aplicaciones:<\/p>\n<p>Transferencia de la configuraci\u00f3n ling\u00fc\u00edstica<\/p>\n<h3>Base jur\u00eddica e inter\u00e9s leg\u00edtimo:<\/h3>\n<p>El tratamiento se lleva a cabo de conformidad con el art. 6 p\u00e1rr. 1 lit. f GDPR sobre la base de nuestro inter\u00e9s leg\u00edtimo en un dise\u00f1o f\u00e1cil de usar de nuestro sitio web.<\/p>\n<h3>Beneficiario:<\/h3>\n<p>Los destinatarios de los datos pueden ser proveedores de servicios t\u00e9cnicos que act\u00faan como procesadores para el funcionamiento y mantenimiento de nuestro sitio web.<\/p>\n<h3>Transferencia a un tercer pa\u00eds:<\/h3>\n<p>Los datos recogidos pueden utilizarse para a los siguientes terceros pa\u00edses:<\/p>\n<p>No<\/p>\n<p>Existen las siguientes garant\u00edas de protecci\u00f3n de datos:<\/p>\n<h3>Disposici\u00f3n prescrita o exigida:<\/h3>\n<p>El suministro de los datos personales mencionados no es legal ni contractualmente obligatorio. Sin embargo, sin estos datos no se puede garantizar el servicio y la funcionalidad de nuestro sitio web. Adem\u00e1s, algunos servicios pueden no estar disponibles o estar restringidos.<\/p>\n<h3>Contradicci\u00f3n<\/h3>\n<p>Lea la informaci\u00f3n sobre su derecho de oposici\u00f3n en virtud del art\u00edculo 21 del RGPD que figura a continuaci\u00f3n.<\/p>\n<h2>Formulario de contacto<\/h2>\n<h3>Naturaleza y finalidad del tratamiento:<\/h3>\n<p>Los datos que introduzca se almacenar\u00e1n con el fin de mantener una comunicaci\u00f3n personalizada con usted. Para ello, se requiere una direcci\u00f3n de correo electr\u00f3nico v\u00e1lida y su nombre. Se utiliza para asignar la consulta y responderla posteriormente. La especificaci\u00f3n de otros datos es opcional.<\/p>\n<h3>Base jur\u00eddica:<\/h3>\n<p>Los datos introducidos en el formulario de contacto se procesan sobre la base de un inter\u00e9s leg\u00edtimo (Art. 6 p\u00e1rrafo 1 lit. f GDPR).<\/p>\n<p>Con el formulario de contacto queremos facilitarle el contacto con nosotros. La informaci\u00f3n que proporcione se almacenar\u00e1 con el fin de procesar su consulta y para posibles preguntas de seguimiento.<\/p>\n<p>Si se pone en contacto con nosotros para solicitar un presupuesto, los datos introducidos en el formulario de contacto se procesar\u00e1n para llevar a cabo medidas precontractuales (Art. 6 p\u00e1rrafo 1 lit. b GDPR).<\/p>\n<h3>Beneficiario:<\/h3>\n<p>Los destinatarios de los datos pueden ser encargados del tratamiento.<\/p>\n<h3>Transferencia a un tercer pa\u00eds:<\/h3>\n<p>Los datos recogidos pueden utilizarse para a los siguientes terceros pa\u00edses:<\/p>\n<p>S\u00ed a Suiza<\/p>\n<p>Existen las siguientes garant\u00edas de protecci\u00f3n de datos:<\/p>\n<p>Decisi\u00f3n de adecuaci\u00f3n Comisi\u00f3n de la UE<\/p>\n<h3>Duraci\u00f3n del almacenamiento:<\/h3>\n<p>Los datos se suprimir\u00e1n a m\u00e1s tardar 6 meses despu\u00e9s de que se haya tramitado la consulta.<\/p>\n<p>Si existe una relaci\u00f3n contractual, estamos sujetos a los periodos de conservaci\u00f3n legales seg\u00fan el C\u00f3digo de Comercio alem\u00e1n (HGB) y eliminamos sus datos una vez transcurridos dichos periodos.<\/p>\n<h3>Disposici\u00f3n prescrita o exigida:<\/h3>\n<p>El suministro de sus datos personales es voluntario. No obstante, s\u00f3lo podremos tramitar su consulta si nos facilita su nombre, direcci\u00f3n de correo electr\u00f3nico y el motivo de la consulta.<\/p>\n<h2>Uso de Google Analytics<\/h2>\n<p>Si ha dado su consentimiento, este sitio web utiliza Google Analytics, un servicio de an\u00e1lisis web de Google LLC, 1600 Amphitheatre Parkway, Mountain View, CA 94043 EE.UU. (en adelante, \u00abGoogle\u00bb). Google Analytics utiliza \u00abcookies\u00bb, que son archivos de texto ubicados en su ordenador, para ayudar al website a analizar el uso que hacen los usuarios del sitio web. La informaci\u00f3n que genera la cookie acerca de su uso de este sitio web normalmente se transfiere a un servidor de Google en los EE.UU. y se almacena all\u00ed. Sin embargo, debido a la activaci\u00f3n de la anonimizaci\u00f3n de IP en estos sitios web, su direcci\u00f3n IP ser\u00e1 acortada por Google dentro de los estados miembros de la Uni\u00f3n Europea o en otros estados contratantes del Acuerdo sobre el Espacio Econ\u00f3mico Europeo. S\u00f3lo en casos excepcionales se transmitir\u00e1 la direcci\u00f3n IP completa a un servidor de Google en EE.UU. y se truncar\u00e1 all\u00ed. La direcci\u00f3n IP transmitida por su navegador como parte de Google Analytics no se fusionar\u00e1 con otros datos de Google.<\/p>\n<p>Encontrar\u00e1 m\u00e1s informaci\u00f3n sobre las condiciones de uso y la protecci\u00f3n de datos en <a href=\"https:\/\/www.google.com\/analytics\/terms\/de.html%20und%20unter%20https:\/\/policies.google.com\/?hl=de\" target=\"_blank\" rel=\"noopener\">https:\/\/www.google.com\/analytics\/terms\/de.html y en https:\/\/policies.google.com\/?hl=de.<\/a><\/p>\n<p>En nombre del operador de este sitio web, Google usar\u00e1 esta informaci\u00f3n para analizar su uso del sitio web, recopilar informes sobre la actividad del sitio web y proporcionar al operador del sitio web otros servicios relacionados con la actividad del sitio web y el uso de Internet.<\/p>\n<p>Los datos enviados por nosotros y vinculados a cookies, identificadores de usuario (por ejemplo, ID de usuario) o identificadores de publicidad se eliminan autom\u00e1ticamente al cabo de 14 meses. Los datos que han llegado al final de su periodo de conservaci\u00f3n se eliminan autom\u00e1ticamente una vez al mes.<\/p>\n<h3>Revocaci\u00f3n del consentimiento:<\/h3>\n<p>Puede evitar el seguimiento de Google Analytics en nuestro sitio web <a title=\"Establecer la cookie de inhabilitaci\u00f3n de Google Analytics\" href=\"#\">haciendo clic en este enlace<\/a>. Se instalar\u00e1 una cookie de exclusi\u00f3n en su dispositivo. Esto evitar\u00e1 que Google Analytics recopile datos para este sitio web y para este navegador en el futuro mientras la cookie permanezca instalada en su navegador.<\/p>\n<p>Tambi\u00e9n puede impedir el almacenamiento de cookies configurando el software de su navegador en consecuencia; sin embargo, nos gustar\u00eda se\u00f1alar que en este caso es posible que no pueda utilizar todas las funciones de este sitio web en toda su extensi\u00f3n.<\/p>\n<p>Tambi\u00e9n puede evitar que Google recopile los datos generados por la cookie y relacionados con su uso del sitio web (incluida su direcci\u00f3n IP) y que Google procese estos datos descargando e instalando el complemento del navegador disponible en el siguiente enlace:  <a href=\"http:\/\/tools.google.com\/dlpage\/gaoptout?hl=de\" target=\"_blank\" rel=\"noopener\">Complemento del navegador para desactivar Google Analytics<\/a>.<\/p>\n<h2>Uso de bibliotecas de scripts (Google Webfonts)<\/h2>\n<p>Con el fin de mostrar nuestro contenido de forma correcta y gr\u00e1ficamente atractiva en todos los navegadores, utilizamos \u00abGoogle Web Fonts\u00bb de Google LLC (1600 Amphitheatre Parkway, Mountain View, CA 94043, EE.UU.; en adelante, \u00abGoogle\u00bb) para mostrar fuentes en este sitio web.<\/p>\n<p>Encontrar\u00e1 m\u00e1s informaci\u00f3n sobre Google Web Fonts en <a href=\"https:\/\/developers.google.com\/fonts\/faq\" target=\"_blank\" rel=\"noopener nofollow\">https:\/\/developers.google.com\/fonts\/faq<\/a> y en la pol\u00edtica de privacidad de Google: <a href=\"https:\/\/www.google.com\/policies\/privacy\/\" target=\"_blank\" rel=\"noopener nofollow\">https:\/\/www.google.com\/policies\/privacy\/.<\/a><\/p>\n<h2>Cifrado SSL<\/h2>\n<p>Para proteger la seguridad de sus datos durante la transmisi\u00f3n, utilizamos m\u00e9todos de cifrado de \u00faltima generaci\u00f3n (por ejemplo, SSL) a trav\u00e9s de HTTPS.<\/p>\n<hr>\n<h2>Informaci\u00f3n sobre su derecho de oposici\u00f3n de conformidad con el art\u00edculo 21 del RGPD<\/h2>\n<h3>Derecho individual de oposici\u00f3n<\/h3>\n<p>Usted tiene derecho a oponerse en cualquier momento, por motivos relacionados con su situaci\u00f3n particular, al tratamiento de los datos personales que le conciernen, basado en el art\u00edculo 6, apartado 1, del RGPD. 1 lit. f GDPR (tratamiento de datos sobre la base de una ponderaci\u00f3n de intereses); esto tambi\u00e9n se aplica a la elaboraci\u00f3n de perfiles basada en esta disposici\u00f3n en el sentido del art. 4 n.\u00ba 4 GDPR.<\/p>\n<p>Si se opone, dejaremos de tratar sus datos personales a menos que podamos demostrar motivos leg\u00edtimos imperiosos para el tratamiento que prevalezcan sobre sus intereses, derechos y libertades, o que el tratamiento sirva para el establecimiento, ejercicio o defensa de reclamaciones legales.<\/p>\n<h3>Destinatario de una objeci\u00f3n<\/h3>\n<p>Stephan Seidenschwarz<\/p>\n<hr>\n<h2>Cambios en nuestra pol\u00edtica de privacidad<\/h2>\n<p>Nos reservamos el derecho de adaptar esta pol\u00edtica de privacidad para que siempre cumpla con los requisitos legales vigentes o de implementar cambios en nuestros servicios en la pol\u00edtica de privacidad, por ejemplo, al introducir nuevos servicios. La nueva pol\u00edtica de privacidad se aplicar\u00e1 a su pr\u00f3xima visita.<\/p>\n<h2>Preguntas para el responsable de la protecci\u00f3n de datos<\/h2>\n<p>Si tiene alguna pregunta sobre la protecci\u00f3n de datos, env\u00edenos un correo electr\u00f3nico o p\u00f3ngase en contacto directamente con la persona responsable de la protecci\u00f3n de datos en nuestra organizaci\u00f3n:<\/p>\n<p><em>La pol\u00edtica de privacidad ha sido elaborada con la ayuda de activeMind AG, expertos en <a href=\"https:\/\/www.activemind.de\/datenschutz\/datenschutzbeauftragter\/\" target=\"_blank\" rel=\"noopener\">protecci\u00f3n de datos externos<\/a> (versi\u00f3n #2020-09-30).<\/em><\/p>\n<\/div><\/div><\/div><\/div><\/div>\n","protected":false},"excerpt":{"rendered":"","protected":false},"author":1,"featured_media":0,"parent":0,"menu_order":0,"comment_status":"closed","ping_status":"open","template":"","meta":{"_acf_changed":false,"footnotes":""},"class_list":["post-3835","page","type-page","status-publish","hentry"],"acf":[],"yoast_head":"<!-- This site is optimized with the Yoast SEO plugin v26.2 - https:\/\/yoast.com\/wordpress\/plugins\/seo\/ -->\n<title>Pol\u00edtica de privacidad - casalivo s. l.<\/title>\n<meta name=\"robots\" content=\"index, follow, max-snippet:-1, max-image-preview:large, max-video-preview:-1\" \/>\n<link rel=\"canonical\" href=\"https:\/\/casalivo.com\/es\/politica-de-privacidad\/\" \/>\n<meta property=\"og:locale\" content=\"es_ES\" \/>\n<meta property=\"og:type\" content=\"article\" \/>\n<meta property=\"og:title\" content=\"Pol\u00edtica de privacidad - casalivo s. l.\" \/>\n<meta property=\"og:url\" content=\"https:\/\/casalivo.com\/es\/politica-de-privacidad\/\" \/>\n<meta property=\"og:site_name\" content=\"casalivo s. l.\" \/>\n<meta property=\"article:publisher\" content=\"https:\/\/www.facebook.com\/profile.php?id=100064261653503\" \/>\n<meta property=\"article:modified_time\" content=\"2024-02-06T13:50:09+00:00\" \/>\n<meta name=\"twitter:card\" content=\"summary_large_image\" \/>\n<meta name=\"twitter:label1\" content=\"Tiempo de lectura\" \/>\n\t<meta name=\"twitter:data1\" content=\"16 minutos\" \/>\n<script type=\"application\/ld+json\" class=\"yoast-schema-graph\">{\"@context\":\"https:\/\/schema.org\",\"@graph\":[{\"@type\":\"WebPage\",\"@id\":\"https:\/\/casalivo.com\/es\/politica-de-privacidad\/\",\"url\":\"https:\/\/casalivo.com\/es\/politica-de-privacidad\/\",\"name\":\"Pol\u00edtica de privacidad - casalivo s. l.\",\"isPartOf\":{\"@id\":\"https:\/\/casalivo.com\/es\/#website\"},\"datePublished\":\"2023-10-11T07:40:35+00:00\",\"dateModified\":\"2024-02-06T13:50:09+00:00\",\"breadcrumb\":{\"@id\":\"https:\/\/casalivo.com\/es\/politica-de-privacidad\/#breadcrumb\"},\"inLanguage\":\"es\",\"potentialAction\":[{\"@type\":\"ReadAction\",\"target\":[\"https:\/\/casalivo.com\/es\/politica-de-privacidad\/\"]}]},{\"@type\":\"BreadcrumbList\",\"@id\":\"https:\/\/casalivo.com\/es\/politica-de-privacidad\/#breadcrumb\",\"itemListElement\":[{\"@type\":\"ListItem\",\"position\":1,\"name\":\"Startseite\",\"item\":\"https:\/\/casalivo.com\/es\/inicio\/\"},{\"@type\":\"ListItem\",\"position\":2,\"name\":\"Pol\u00edtica de privacidad\"}]},{\"@type\":\"WebSite\",\"@id\":\"https:\/\/casalivo.com\/es\/#website\",\"url\":\"https:\/\/casalivo.com\/es\/\",\"name\":\"casalivo s. l.\",\"description\":\"Verkauf, vermietung, planung und renovierung von Immobilien auf Mallorca\",\"publisher\":{\"@id\":\"https:\/\/casalivo.com\/es\/#organization\"},\"potentialAction\":[{\"@type\":\"SearchAction\",\"target\":{\"@type\":\"EntryPoint\",\"urlTemplate\":\"https:\/\/casalivo.com\/es\/?s={search_term_string}\"},\"query-input\":{\"@type\":\"PropertyValueSpecification\",\"valueRequired\":true,\"valueName\":\"search_term_string\"}}],\"inLanguage\":\"es\"},{\"@type\":\"Organization\",\"@id\":\"https:\/\/casalivo.com\/es\/#organization\",\"name\":\"casalivo s. l.\",\"url\":\"https:\/\/casalivo.com\/es\/\",\"logo\":{\"@type\":\"ImageObject\",\"inLanguage\":\"es\",\"@id\":\"https:\/\/casalivo.com\/es\/#\/schema\/logo\/image\/\",\"url\":\"https:\/\/casalivo.com\/wp-content\/uploads\/2023\/10\/Casalivo-Logo_h190-1.png\",\"contentUrl\":\"https:\/\/casalivo.com\/wp-content\/uploads\/2023\/10\/Casalivo-Logo_h190-1.png\",\"width\":300,\"height\":93,\"caption\":\"casalivo s. l.\"},\"image\":{\"@id\":\"https:\/\/casalivo.com\/es\/#\/schema\/logo\/image\/\"},\"sameAs\":[\"https:\/\/www.facebook.com\/profile.php?id=100064261653503\",\"https:\/\/www.instagram.com\/casalivo\/\"]}]}<\/script>\n<!-- \/ Yoast SEO plugin. -->","yoast_head_json":{"title":"Pol\u00edtica de privacidad - casalivo s. l.","robots":{"index":"index","follow":"follow","max-snippet":"max-snippet:-1","max-image-preview":"max-image-preview:large","max-video-preview":"max-video-preview:-1"},"canonical":"https:\/\/casalivo.com\/es\/politica-de-privacidad\/","og_locale":"es_ES","og_type":"article","og_title":"Pol\u00edtica de privacidad - casalivo s. l.","og_url":"https:\/\/casalivo.com\/es\/politica-de-privacidad\/","og_site_name":"casalivo s. l.","article_publisher":"https:\/\/www.facebook.com\/profile.php?id=100064261653503","article_modified_time":"2024-02-06T13:50:09+00:00","twitter_card":"summary_large_image","twitter_misc":{"Tiempo de lectura":"16 minutos"},"schema":{"@context":"https:\/\/schema.org","@graph":[{"@type":"WebPage","@id":"https:\/\/casalivo.com\/es\/politica-de-privacidad\/","url":"https:\/\/casalivo.com\/es\/politica-de-privacidad\/","name":"Pol\u00edtica de privacidad - casalivo s. l.","isPartOf":{"@id":"https:\/\/casalivo.com\/es\/#website"},"datePublished":"2023-10-11T07:40:35+00:00","dateModified":"2024-02-06T13:50:09+00:00","breadcrumb":{"@id":"https:\/\/casalivo.com\/es\/politica-de-privacidad\/#breadcrumb"},"inLanguage":"es","potentialAction":[{"@type":"ReadAction","target":["https:\/\/casalivo.com\/es\/politica-de-privacidad\/"]}]},{"@type":"BreadcrumbList","@id":"https:\/\/casalivo.com\/es\/politica-de-privacidad\/#breadcrumb","itemListElement":[{"@type":"ListItem","position":1,"name":"Startseite","item":"https:\/\/casalivo.com\/es\/inicio\/"},{"@type":"ListItem","position":2,"name":"Pol\u00edtica de privacidad"}]},{"@type":"WebSite","@id":"https:\/\/casalivo.com\/es\/#website","url":"https:\/\/casalivo.com\/es\/","name":"casalivo s. l.","description":"Verkauf, vermietung, planung und renovierung von Immobilien auf Mallorca","publisher":{"@id":"https:\/\/casalivo.com\/es\/#organization"},"potentialAction":[{"@type":"SearchAction","target":{"@type":"EntryPoint","urlTemplate":"https:\/\/casalivo.com\/es\/?s={search_term_string}"},"query-input":{"@type":"PropertyValueSpecification","valueRequired":true,"valueName":"search_term_string"}}],"inLanguage":"es"},{"@type":"Organization","@id":"https:\/\/casalivo.com\/es\/#organization","name":"casalivo s. l.","url":"https:\/\/casalivo.com\/es\/","logo":{"@type":"ImageObject","inLanguage":"es","@id":"https:\/\/casalivo.com\/es\/#\/schema\/logo\/image\/","url":"https:\/\/casalivo.com\/wp-content\/uploads\/2023\/10\/Casalivo-Logo_h190-1.png","contentUrl":"https:\/\/casalivo.com\/wp-content\/uploads\/2023\/10\/Casalivo-Logo_h190-1.png","width":300,"height":93,"caption":"casalivo s. l."},"image":{"@id":"https:\/\/casalivo.com\/es\/#\/schema\/logo\/image\/"},"sameAs":["https:\/\/www.facebook.com\/profile.php?id=100064261653503","https:\/\/www.instagram.com\/casalivo\/"]}]}},"_links":{"self":[{"href":"https:\/\/casalivo.com\/es\/wp-json\/wp\/v2\/pages\/3835","targetHints":{"allow":["GET"]}}],"collection":[{"href":"https:\/\/casalivo.com\/es\/wp-json\/wp\/v2\/pages"}],"about":[{"href":"https:\/\/casalivo.com\/es\/wp-json\/wp\/v2\/types\/page"}],"author":[{"embeddable":true,"href":"https:\/\/casalivo.com\/es\/wp-json\/wp\/v2\/users\/1"}],"replies":[{"embeddable":true,"href":"https:\/\/casalivo.com\/es\/wp-json\/wp\/v2\/comments?post=3835"}],"version-history":[{"count":22,"href":"https:\/\/casalivo.com\/es\/wp-json\/wp\/v2\/pages\/3835\/revisions"}],"predecessor-version":[{"id":4764,"href":"https:\/\/casalivo.com\/es\/wp-json\/wp\/v2\/pages\/3835\/revisions\/4764"}],"wp:attachment":[{"href":"https:\/\/casalivo.com\/es\/wp-json\/wp\/v2\/media?parent=3835"}],"curies":[{"name":"wp","href":"https:\/\/api.w.org\/{rel}","templated":true}]}}