{"id":3873,"date":"2024-01-15T13:45:07","date_gmt":"2024-01-15T12:45:07","guid":{"rendered":"http:\/\/casalivo.cyon.link\/pie-de-imprenta\/"},"modified":"2024-06-17T14:51:33","modified_gmt":"2024-06-17T12:51:33","slug":"pie-de-imprenta","status":"publish","type":"page","link":"https:\/\/casalivo.com\/es\/pie-de-imprenta\/","title":{"rendered":"Pie de imprenta"},"content":{"rendered":"<div class=\"fusion-fullwidth fullwidth-box fusion-builder-row-1 fusion-flex-container has-pattern-background has-mask-background nonhundred-percent-fullwidth non-hundred-percent-height-scrolling\" style=\"--awb-border-radius-top-left:0px;--awb-border-radius-top-right:0px;--awb-border-radius-bottom-right:0px;--awb-border-radius-bottom-left:0px;--awb-flex-wrap:wrap;\" ><div class=\"fusion-builder-row fusion-row fusion-flex-align-items-flex-start fusion-flex-content-wrap\" style=\"max-width:1664px;margin-left: calc(-4% \/ 2 );margin-right: calc(-4% \/ 2 );\"><div class=\"fusion-layout-column fusion_builder_column fusion-builder-column-0 fusion_builder_column_5_6 5_6 fusion-flex-column\" style=\"--awb-bg-size:cover;--awb-width-large:83.333333333333%;--awb-margin-top-large:0px;--awb-spacing-right-large:2.304%;--awb-margin-bottom-large:20px;--awb-spacing-left-large:2.304%;--awb-width-medium:83.333333333333%;--awb-order-medium:0;--awb-spacing-right-medium:2.304%;--awb-spacing-left-medium:2.304%;--awb-width-small:100%;--awb-order-small:0;--awb-spacing-right-small:1.92%;--awb-spacing-left-small:1.92%;\"><div class=\"fusion-column-wrapper fusion-column-has-shadow fusion-flex-justify-content-flex-start fusion-content-layout-column\"><div class=\"fusion-text fusion-text-1\"><h1>Pie de imprenta casalivo s. l.<\/h1>\n<h2 style=\"margin-top: 30px; margin-bottom: 20px;\">Direcci\u00f3n de contacto<\/h2>\n<p><strong>casalivo s. l.<\/strong><br \/>\nCalle dels Virots 8<br \/>\nES-07680 Porto Cristo<\/p>\n<p>Correo electr\u00f3nico: <a href=\"mailto:info@casalivo.com\">info@casalivo.com<\/a><\/p>\n<h2 style=\"margin-top: 30px; margin-bottom: 20px;\">Representante autorizado<\/h2>\n<p>Responsable del contenido y encargado de la protecci\u00f3n de datos: Seidenschwarz Consulting, Nordstrasse 5, CH-6300 Zug<\/p>\n<h2 style=\"margin-top: 30px; margin-bottom: 20px;\">Copyright<\/h2>\n<p>El contenido, las obras y la informaci\u00f3n publicados en este sitio web est\u00e1n sujetos a la legislaci\u00f3n europea sobre derechos de autor. Cualquier tipo de duplicaci\u00f3n, procesamiento, distribuci\u00f3n, almacenamiento y cualquier tipo de utilizaci\u00f3n fuera de los l\u00edmites de la ley de derechos de autor requiere el consentimiento previo por escrito del respectivo titular de los derechos de autor. No est\u00e1 permitido copiar\/guardar sin autorizaci\u00f3n la informaci\u00f3n proporcionada en este sitio web, lo cual est\u00e1 penado por la ley.<\/p>\n<\/div><div class=\"fusion-menu-anchor\" id=\"51234\"><\/div><div class=\"fusion-text fusion-text-2\"><h2 style=\"margin-top: 30px; margin-bottom: 20px;\">Aviso legal<\/h2>\n<p>Toda la informaci\u00f3n sobre las ofertas inmobiliarias que figuran en este sitio web nos ha sido facilitada por los respectivos vendedores. Casalivo s.l. no asume ninguna responsabilidad por la exactitud, integridad o actualidad de la informaci\u00f3n proporcionada. Toda la informaci\u00f3n se facilita sin garant\u00eda. La responsabilidad de la informaci\u00f3n y de su exactitud recae en los vendedores respectivos.<\/p>\n<h2 style=\"margin-top: 30px; margin-bottom: 20px;\">Realizaci\u00f3n del sitio web<\/h2>\n<p><a href=\"https:\/\/webage.ch\/\" target=\"_blank\" rel=\"noopener\">Este sitio web ha sido creado por la agencia webage gmbh.<\/a><\/p>\n<p>webage gmbh<br \/>\nKramgasse 61<br \/>\nCH-3011 Berna<\/p>\n<div class=\"fusion-text fusion-text-6\"><\/div>\n<\/div><\/div><\/div><\/div><\/div>\n","protected":false},"excerpt":{"rendered":"","protected":false},"author":1,"featured_media":0,"parent":0,"menu_order":0,"comment_status":"closed","ping_status":"closed","template":"100-width.php","meta":{"_acf_changed":false,"footnotes":""},"class_list":["post-3873","page","type-page","status-publish","hentry"],"acf":[],"yoast_head":"<!-- This site is optimized with the Yoast SEO plugin v26.2 - https:\/\/yoast.com\/wordpress\/plugins\/seo\/ -->\n<title>Pie de imprenta - casalivo s. l.<\/title>\n<meta name=\"robots\" content=\"index, follow, max-snippet:-1, max-image-preview:large, max-video-preview:-1\" \/>\n<link rel=\"canonical\" href=\"https:\/\/casalivo.com\/es\/pie-de-imprenta\/\" \/>\n<meta property=\"og:locale\" content=\"es_ES\" \/>\n<meta property=\"og:type\" content=\"article\" \/>\n<meta property=\"og:title\" content=\"Pie de imprenta - casalivo s. l.\" \/>\n<meta property=\"og:url\" content=\"https:\/\/casalivo.com\/es\/pie-de-imprenta\/\" \/>\n<meta property=\"og:site_name\" content=\"casalivo s. l.\" \/>\n<meta property=\"article:publisher\" content=\"https:\/\/www.facebook.com\/profile.php?id=100064261653503\" \/>\n<meta property=\"article:modified_time\" content=\"2024-06-17T12:51:33+00:00\" \/>\n<meta name=\"twitter:card\" content=\"summary_large_image\" \/>\n<meta name=\"twitter:label1\" content=\"Tiempo de lectura\" \/>\n\t<meta name=\"twitter:data1\" content=\"6 minutos\" \/>\n<script type=\"application\/ld+json\" class=\"yoast-schema-graph\">{\"@context\":\"https:\/\/schema.org\",\"@graph\":[{\"@type\":\"WebPage\",\"@id\":\"https:\/\/casalivo.com\/es\/pie-de-imprenta\/\",\"url\":\"https:\/\/casalivo.com\/es\/pie-de-imprenta\/\",\"name\":\"Pie de imprenta - casalivo s. l.\",\"isPartOf\":{\"@id\":\"https:\/\/casalivo.com\/es\/#website\"},\"datePublished\":\"2024-01-15T12:45:07+00:00\",\"dateModified\":\"2024-06-17T12:51:33+00:00\",\"breadcrumb\":{\"@id\":\"https:\/\/casalivo.com\/es\/pie-de-imprenta\/#breadcrumb\"},\"inLanguage\":\"es\",\"potentialAction\":[{\"@type\":\"ReadAction\",\"target\":[\"https:\/\/casalivo.com\/es\/pie-de-imprenta\/\"]}]},{\"@type\":\"BreadcrumbList\",\"@id\":\"https:\/\/casalivo.com\/es\/pie-de-imprenta\/#breadcrumb\",\"itemListElement\":[{\"@type\":\"ListItem\",\"position\":1,\"name\":\"Startseite\",\"item\":\"https:\/\/casalivo.com\/es\/inicio\/\"},{\"@type\":\"ListItem\",\"position\":2,\"name\":\"Pie de imprenta\"}]},{\"@type\":\"WebSite\",\"@id\":\"https:\/\/casalivo.com\/es\/#website\",\"url\":\"https:\/\/casalivo.com\/es\/\",\"name\":\"casalivo s. l.\",\"description\":\"Verkauf, vermietung, planung und renovierung von Immobilien auf Mallorca\",\"publisher\":{\"@id\":\"https:\/\/casalivo.com\/es\/#organization\"},\"potentialAction\":[{\"@type\":\"SearchAction\",\"target\":{\"@type\":\"EntryPoint\",\"urlTemplate\":\"https:\/\/casalivo.com\/es\/?s={search_term_string}\"},\"query-input\":{\"@type\":\"PropertyValueSpecification\",\"valueRequired\":true,\"valueName\":\"search_term_string\"}}],\"inLanguage\":\"es\"},{\"@type\":\"Organization\",\"@id\":\"https:\/\/casalivo.com\/es\/#organization\",\"name\":\"casalivo s. l.\",\"url\":\"https:\/\/casalivo.com\/es\/\",\"logo\":{\"@type\":\"ImageObject\",\"inLanguage\":\"es\",\"@id\":\"https:\/\/casalivo.com\/es\/#\/schema\/logo\/image\/\",\"url\":\"https:\/\/casalivo.com\/wp-content\/uploads\/2023\/10\/Casalivo-Logo_h190-1.png\",\"contentUrl\":\"https:\/\/casalivo.com\/wp-content\/uploads\/2023\/10\/Casalivo-Logo_h190-1.png\",\"width\":300,\"height\":93,\"caption\":\"casalivo s. l.\"},\"image\":{\"@id\":\"https:\/\/casalivo.com\/es\/#\/schema\/logo\/image\/\"},\"sameAs\":[\"https:\/\/www.facebook.com\/profile.php?id=100064261653503\",\"https:\/\/www.instagram.com\/casalivo\/\"]}]}<\/script>\n<!-- \/ Yoast SEO plugin. -->","yoast_head_json":{"title":"Pie de imprenta - casalivo s. l.","robots":{"index":"index","follow":"follow","max-snippet":"max-snippet:-1","max-image-preview":"max-image-preview:large","max-video-preview":"max-video-preview:-1"},"canonical":"https:\/\/casalivo.com\/es\/pie-de-imprenta\/","og_locale":"es_ES","og_type":"article","og_title":"Pie de imprenta - casalivo s. l.","og_url":"https:\/\/casalivo.com\/es\/pie-de-imprenta\/","og_site_name":"casalivo s. l.","article_publisher":"https:\/\/www.facebook.com\/profile.php?id=100064261653503","article_modified_time":"2024-06-17T12:51:33+00:00","twitter_card":"summary_large_image","twitter_misc":{"Tiempo de lectura":"6 minutos"},"schema":{"@context":"https:\/\/schema.org","@graph":[{"@type":"WebPage","@id":"https:\/\/casalivo.com\/es\/pie-de-imprenta\/","url":"https:\/\/casalivo.com\/es\/pie-de-imprenta\/","name":"Pie de imprenta - casalivo s. l.","isPartOf":{"@id":"https:\/\/casalivo.com\/es\/#website"},"datePublished":"2024-01-15T12:45:07+00:00","dateModified":"2024-06-17T12:51:33+00:00","breadcrumb":{"@id":"https:\/\/casalivo.com\/es\/pie-de-imprenta\/#breadcrumb"},"inLanguage":"es","potentialAction":[{"@type":"ReadAction","target":["https:\/\/casalivo.com\/es\/pie-de-imprenta\/"]}]},{"@type":"BreadcrumbList","@id":"https:\/\/casalivo.com\/es\/pie-de-imprenta\/#breadcrumb","itemListElement":[{"@type":"ListItem","position":1,"name":"Startseite","item":"https:\/\/casalivo.com\/es\/inicio\/"},{"@type":"ListItem","position":2,"name":"Pie de imprenta"}]},{"@type":"WebSite","@id":"https:\/\/casalivo.com\/es\/#website","url":"https:\/\/casalivo.com\/es\/","name":"casalivo s. l.","description":"Verkauf, vermietung, planung und renovierung von Immobilien auf Mallorca","publisher":{"@id":"https:\/\/casalivo.com\/es\/#organization"},"potentialAction":[{"@type":"SearchAction","target":{"@type":"EntryPoint","urlTemplate":"https:\/\/casalivo.com\/es\/?s={search_term_string}"},"query-input":{"@type":"PropertyValueSpecification","valueRequired":true,"valueName":"search_term_string"}}],"inLanguage":"es"},{"@type":"Organization","@id":"https:\/\/casalivo.com\/es\/#organization","name":"casalivo s. l.","url":"https:\/\/casalivo.com\/es\/","logo":{"@type":"ImageObject","inLanguage":"es","@id":"https:\/\/casalivo.com\/es\/#\/schema\/logo\/image\/","url":"https:\/\/casalivo.com\/wp-content\/uploads\/2023\/10\/Casalivo-Logo_h190-1.png","contentUrl":"https:\/\/casalivo.com\/wp-content\/uploads\/2023\/10\/Casalivo-Logo_h190-1.png","width":300,"height":93,"caption":"casalivo s. l."},"image":{"@id":"https:\/\/casalivo.com\/es\/#\/schema\/logo\/image\/"},"sameAs":["https:\/\/www.facebook.com\/profile.php?id=100064261653503","https:\/\/www.instagram.com\/casalivo\/"]}]}},"_links":{"self":[{"href":"https:\/\/casalivo.com\/es\/wp-json\/wp\/v2\/pages\/3873","targetHints":{"allow":["GET"]}}],"collection":[{"href":"https:\/\/casalivo.com\/es\/wp-json\/wp\/v2\/pages"}],"about":[{"href":"https:\/\/casalivo.com\/es\/wp-json\/wp\/v2\/types\/page"}],"author":[{"embeddable":true,"href":"https:\/\/casalivo.com\/es\/wp-json\/wp\/v2\/users\/1"}],"replies":[{"embeddable":true,"href":"https:\/\/casalivo.com\/es\/wp-json\/wp\/v2\/comments?post=3873"}],"version-history":[{"count":20,"href":"https:\/\/casalivo.com\/es\/wp-json\/wp\/v2\/pages\/3873\/revisions"}],"predecessor-version":[{"id":5479,"href":"https:\/\/casalivo.com\/es\/wp-json\/wp\/v2\/pages\/3873\/revisions\/5479"}],"wp:attachment":[{"href":"https:\/\/casalivo.com\/es\/wp-json\/wp\/v2\/media?parent=3873"}],"curies":[{"name":"wp","href":"https:\/\/api.w.org\/{rel}","templated":true}]}}